{"id":246197,"date":"2025-09-30T16:19:52","date_gmt":"2025-09-30T14:19:52","guid":{"rendered":"https:\/\/sistema-group.de\/fcs248\/"},"modified":"2025-11-12T16:04:35","modified_gmt":"2025-11-12T15:04:35","slug":"fcs248","status":"publish","type":"page","link":"https:\/\/sistema-group.de\/de\/aerosolgeneratoren-und-aerosolverduenner\/fcs248\/","title":{"rendered":"FCS248"},"content":{"rendered":"\n[et_pb_section fb_built=&#8220;1&#8243; custom_padding_last_edited=&#8220;on|phone&#8220; admin_label=&#8220;Hero&#8220; _builder_version=&#8220;4.27.4&#8243; use_background_color_gradient=&#8220;on&#8220; background_color_gradient_stops=&#8220;#026fb0 26%|#0386cc 100%&#8220; background_color_gradient_start=&#8220;#001b56&#8243; background_color_gradient_start_position=&#8220;28%&#8220; background_color_gradient_end=&#8220;#0e4de3&#8243; background_image=&#8220;https:\/\/sistema-group.de\/wp-content\/uploads\/2025\/06\/robotics-05-1.png&#8220; background_size=&#8220;initial&#8220; background_position=&#8220;bottom_right&#8220; min_height=&#8220;80vh&#8220; min_height_tablet=&#8220;1300px&#8220; min_height_phone=&#8220;1100px&#8220; min_height_last_edited=&#8220;on|phone&#8220; custom_margin=&#8220;|3vw|||false|false&#8220; custom_margin_tablet=&#8220;|0%|||false|false&#8220; custom_margin_phone=&#8220;|0%|||false|false&#8220; custom_margin_last_edited=&#8220;on|tablet&#8220; custom_padding=&#8220;13vw||4vw|10vw|false|false&#8220; custom_padding_tablet=&#8220;|10vw||10vw|false|true&#8220; custom_padding_phone=&#8220;30vw||||false|true&#8220; locked=&#8220;off&#8220; global_colors_info=&#8220;{}&#8220;][et_pb_row column_structure=&#8220;1_3,2_3&#8243; _builder_version=&#8220;4.27.4&#8243; width=&#8220;100%&#8220; max_width=&#8220;1601px&#8220; global_colors_info=&#8220;{}&#8220;][et_pb_column type=&#8220;1_3&#8243; _builder_version=&#8220;4.16&#8243; global_colors_info=&#8220;{}&#8220;][et_pb_image src=&#8220;https:\/\/sistema-group.de\/wp-content\/uploads\/2025\/09\/P0828H01-FCS248-F-TOPAS-clean-s-slider.png&#8220; alt=&#8220;P0828H01 FCS248 F TOPAS clean s Schieber&#8220; title_text=&#8220;P0828H01 FCS248 F TOPAS clean s Schieber&#8220; show_bottom_space=&#8220;off&#8220; align=&#8220;center&#8220; _builder_version=&#8220;4.27.4&#8243; _module_preset=&#8220;default&#8220; width=&#8220;100%&#8220; global_colors_info=&#8220;{}&#8220;][\/et_pb_image][\/et_pb_column][et_pb_column type=&#8220;2_3&#8243; _builder_version=&#8220;4.27.4&#8243; custom_padding=&#8220;|||10px|false|false&#8220; global_colors_info=&#8220;{}&#8220;][et_pb_text _builder_version=&#8220;4.27.4&#8243; _module_preset=&#8220;default&#8220; text_font=&#8220;||||||||&#8220; text_font_size=&#8220;18px&#8220; text_line_height=&#8220;1.8em&#8220; header_font=&#8220;|||on|||||&#8220; background_layout=&#8220;dark&#8220; max_width=&#8220;700px&#8220; module_alignment=&#8220;left&#8220; text_font_size_tablet=&#8220;15px&#8220; text_font_size_phone=&#8220;14px&#8220; text_font_size_last_edited=&#8220;on|phone&#8220; module_alignment_tablet=&#8220;center&#8220; module_alignment_phone=&#8220;center&#8220; module_alignment_last_edited=&#8220;on|phone&#8220; locked=&#8220;off&#8220; global_colors_info=&#8220;{}&#8220;]<h1>Topas FCS 248 \u2013 Photometer-Kalibriersystem<\/h1>\n<p>Das Topas FCS 248 ist ein pr\u00e4zisionsgefertigtes Photometer-Kalibriersystem, das stabile, reproduzierbare Aerosole f\u00fcr die Kalibrierung von Photometern, Partikelz\u00e4hlern und Aerosolspektrometern bereitstellt. Es eignet sich besonders f\u00fcr Reinraumumgebungen, Filterpr\u00fcfanlagen und Labore, die eine hochgenaue und r\u00fcckf\u00fchrbare Aerosolerzeugung zur Ger\u00e4tevalidierung ben\u00f6tigen. <\/p>[\/et_pb_text][\/et_pb_column][\/et_pb_row][\/et_pb_section][et_pb_section fb_built=&#8220;1&#8243; _builder_version=&#8220;4.27.4&#8243; _module_preset=&#8220;default&#8220; custom_padding=&#8220;0px||||false|false&#8220; global_colors_info=&#8220;{}&#8220;][et_pb_row _builder_version=&#8220;4.27.4&#8243; _module_preset=&#8220;default&#8220; global_colors_info=&#8220;{}&#8220;][et_pb_column type=&#8220;4_4&#8243; _builder_version=&#8220;4.27.4&#8243; _module_preset=&#8220;default&#8220; global_colors_info=&#8220;{}&#8220;][dsm_breadcrumbs _builder_version=&#8220;4.27.4&#8243; _module_preset=&#8220;default&#8220; items_text_color=&#8220;#636363&#8243; home_icon_text_color=&#8220;#026FB0&#8243; current_text_color=&#8220;#026FB0&#8243; items_font_size_tablet=&#8220;&#8220; items_font_size_phone=&#8220;12px&#8220; items_font_size_last_edited=&#8220;on|phone&#8220; current_font_size_tablet=&#8220;&#8220; current_font_size_phone=&#8220;12px&#8220; current_font_size_last_edited=&#8220;on|phone&#8220; global_colors_info=&#8220;{}&#8220; locked=&#8220;off&#8220;][\/dsm_breadcrumbs][\/et_pb_column][\/et_pb_row][et_pb_row column_structure=&#8220;1_2,1_2&#8243; _builder_version=&#8220;4.27.4&#8243; _module_preset=&#8220;default&#8220; locked=&#8220;off&#8220; global_colors_info=&#8220;{}&#8220;][et_pb_column type=&#8220;1_2&#8243; _builder_version=&#8220;4.27.4&#8243; _module_preset=&#8220;default&#8220; global_colors_info=&#8220;{}&#8220;][et_pb_text _builder_version=&#8220;4.27.4&#8243; _module_preset=&#8220;default&#8220; header_2_font=&#8220;||||||||&#8220; global_colors_info=&#8220;{}&#8220;]<h2>Hauptmerkmale<\/h2>\n<ul>\n<li><strong>Stabile Aerosolerzeugung:<\/strong> Das FCS 248 erzeugt einen konsistenten Aerosolaussto\u00df, der reproduzierbare Testbedingungen und genaue Kalibrierungsergebnisse gew\u00e4hrleistet. Seine Konstruktion sorgt f\u00fcr eine gleichm\u00e4\u00dfige Partikelkonzentration und -gr\u00f6\u00dfenverteilung \u00fcber l\u00e4ngere Zeitr\u00e4ume, was f\u00fcr eine zuverl\u00e4ssige Ger\u00e4tevalidierung entscheidend ist. <\/li>\n<li><strong>Kompatibilit\u00e4t mit verschiedenen Testmedien:<\/strong> Das System kann Aerosole aus Standard-Kalibrierfl\u00fcssigkeiten wie DEHS oder PAO erzeugen und unterst\u00fctzt so eine Vielzahl von Photometer- und Partikelz\u00e4hlertypen.<\/li>\n<li><strong>Kompaktes und reinraumtaugliches Design:<\/strong> Das FCS 248 ist mit einem Edelstahlgeh\u00e4use ausgestattet, robust, leicht zu reinigen und vollst\u00e4ndig kompatibel mit ISO-klassifizierten Reinraumumgebungen. Seine kompakte Stellfl\u00e4che erm\u00f6glicht die Integration in bestehende Labor- oder Validierungsabl\u00e4ufe, ohne dass umfangreicher Platzbedarf entsteht. <\/li>\n<li><strong>Autonomer Betrieb:<\/strong> Das System arbeitet unabh\u00e4ngig und minimiert so den Bedienereingriff. Es kann in Messinstrumente f\u00fcr automatisierte Kalibriersequenzen integriert werden, was die Effizienz des Arbeitsablaufs verbessert. <\/li>\n<li><strong>Pr\u00e4zise Steuerung und Reproduzierbarkeit:<\/strong> Das FCS 248 erm\u00f6glicht eine pr\u00e4zise Einstellung der Aerosolkonzentration und des Durchflusses, wodurch sichergestellt wird, dass Photometer und Partikelz\u00e4hler unter genau definierten und wiederholbaren Bedingungen kalibriert werden. Dies reduziert die Messunsicherheit und verbessert die Einhaltung der ISO 21501-Normen und anderer geltender Kalibrierungsanforderungen. <\/li>\n<\/ul>[\/et_pb_text][et_pb_text _builder_version=&#8220;4.27.4&#8243; _module_preset=&#8220;default&#8220; header_font=&#8220;|600|||||||&#8220; header_2_font=&#8220;||||||||&#8220; global_colors_info=&#8220;{}&#8220;]<h2>Typische Anwendungen<\/h2>\n<ul>\n<li><strong>Photometer-Kalibrierung:<\/strong> Bietet stabile Aerosole zur \u00dcberpr\u00fcfung und Anpassung der Photometerreaktion, wodurch die Messgenauigkeit \u00fcber einen Bereich von Partikelgr\u00f6\u00dfen sichergestellt wird.<\/li>\n<li><strong>Validierung von Partikelz\u00e4hlern:<\/strong> Unterst\u00fctzt die Kalibrierung von optischen Partikelz\u00e4hlern, Aerosolspektrometern und anderen Instrumenten zur Messung von luftgetragenen Partikeln.<\/li>\n<li><strong>Reinraum- und Filterpr\u00fcfung:<\/strong> Stellt sicher, dass Instrumente, die f\u00fcr die Reinraumvalidierung, HEPA\/ULPA-Filterpr\u00fcfung und Umwelt\u00fcberwachung verwendet werden, zuverl\u00e4ssige, r\u00fcckf\u00fchrbare Ergebnisse liefern.<\/li>\n<li><strong>Einhaltung von Vorschriften:<\/strong> Erf\u00fcllt internationale Standards f\u00fcr Kalibrierverfahren und tr\u00e4gt zur Auditbereitschaft und Qualit\u00e4tssicherung in kontrollierten Umgebungen bei.<\/li>\n<\/ul>[\/et_pb_text][\/et_pb_column][et_pb_column type=&#8220;1_2&#8243; _builder_version=&#8220;4.27.4&#8243; _module_preset=&#8220;default&#8220; global_colors_info=&#8220;{}&#8220;][et_pb_text _builder_version=&#8220;4.27.4&#8243; _module_preset=&#8220;default&#8220; header_font=&#8220;|600|||||||&#8220; header_2_font=&#8220;||||||||&#8220; global_colors_info=&#8220;{}&#8220;]<h2>Vorteile<\/h2>\n<ul>\n<li>Verbessert die Genauigkeit und R\u00fcckverfolgbarkeit von photometrischen Messungen und Partikelz\u00e4hlungen.<\/li>\n<li>Reduziert die Variabilit\u00e4t und Messfehler in kritischen Reinraum- und Laborprozessen.<\/li>\n<li>Das kompakte, reinraumtaugliche Design vereinfacht die Integration in bestehende Validierungsabl\u00e4ufe.<\/li>\n<li>Stabile, reproduzierbare Aerosole gew\u00e4hrleisten Vertrauen in die Kalibrierung und die Einhaltung der regulatorischen Erwartungen.<\/li>\n<\/ul>\n<p><strong>Durch die Wahl von Topas f\u00fcr die Kalibrierung mit dem FCS 248<\/strong> gewinnen Einrichtungen Vertrauen in die Genauigkeit, R\u00fcckverfolgbarkeit und Reproduzierbarkeit ihrer Instrumente zur Messung von luftgetragenen Partikeln, w\u00e4hrend sie gleichzeitig die Validierungsprozesse rationalisieren und die Einhaltung internationaler Reinraum- und Pr\u00fcfstandards unterst\u00fctzen.<\/p>[\/et_pb_text][et_pb_blurb title=&#8220;Brosch\u00fcre&#8220; use_icon=&#8220;on&#8220; font_icon=&#8220;&#xf1c1;||fa||400&#8243; icon_color=&#8220;#CE0000&#8243; module_class=&#8220;lkc-inline&#8220; _builder_version=&#8220;4.27.4&#8243; _module_preset=&#8220;default&#8220; text_orientation=&#8220;center&#8220; custom_margin=&#8220;|20px|0px||false|false&#8220; link_option_url=&#8220;https:\/\/sistema-group.de\/wp-content\/uploads\/2025\/10\/TOPAS-CATALOGUE-01-25I26.pdf&#8220; link_option_url_new_window=&#8220;on&#8220; global_colors_info=&#8220;{}&#8220;][\/et_pb_blurb][et_pb_blurb title=&#8220;Anfrage&#8220; use_icon=&#8220;on&#8220; font_icon=&#8220;&#xf1c3;||fa||400&#8243; icon_color=&#8220;#468c01&#8243; disabled_on=&#8220;on|on|on&#8220; module_class=&#8220;lkc-inline&#8220; _builder_version=&#8220;4.27.4&#8243; _module_preset=&#8220;default&#8220; text_orientation=&#8220;center&#8220; custom_margin=&#8220;||0px||false|false&#8220; link_option_url=&#8220;https:\/\/sistema-group.de\/wp-content\/uploads\/2025\/05\/2024-BROCHURE-SISTEMA-RAC-SERIES.pdf&#8220; link_option_url_new_window=&#8220;on&#8220; disabled=&#8220;on&#8220; locked=&#8220;off&#8220; global_colors_info=&#8220;{}&#8220;][\/et_pb_blurb][et_pb_code _builder_version=&#8220;4.27.4&#8243; _module_preset=&#8220;default&#8220; global_colors_info=&#8220;{}&#8220;]<style><!-- [et_pb_line_break_holder] -->@media only screen and (min-width: 1600px) {<!-- [et_pb_line_break_holder] -->.lkc-inline {<!-- [et_pb_line_break_holder] -->  display: inline-block;<!-- [et_pb_line_break_holder] -->  vertical-align: middle;<!-- [et_pb_line_break_holder] -->}<!-- [et_pb_line_break_holder] -->}<!-- [et_pb_line_break_holder] --><\/style>[\/et_pb_code][et_pb_text disabled_on=&#8220;on|on|on&#8220; _builder_version=&#8220;4.27.4&#8243; _module_preset=&#8220;default&#8220; custom_margin=&#8220;20px||20px||true|false&#8220; disabled=&#8220;on&#8220; global_colors_info=&#8220;{}&#8220;]<strong>Gehen Sie das <span style=\"color: #468c01;\">Anfrageformular<\/span> durch, w\u00e4hlen Sie Produkte aus und speichern Sie die Datei.<\/strong>[\/et_pb_text][et_pb_button button_text=&#8220;Kontakt \/ Anfrage&#8220; _builder_version=&#8220;4.27.4&#8243; _module_preset=&#8220;default&#8220; custom_button=&#8220;on&#8220; button_text_color=&#8220;#FFFFFF&#8220; button_use_icon=&#8220;off&#8220; dsm_modules_popup=&#8220;on&#8220; dsm_modules_popup_library=&#8220;245670&#8243; dsm_modules_overlay_background=&#8220;rgba(255,255,255,0.87)&#8220; global_colors_info=&#8220;{}&#8220;][\/et_pb_button][\/et_pb_column][\/et_pb_row][\/et_pb_section]\n","protected":false},"excerpt":{"rendered":"<p>Topas FCS 248 \u2013 Photometer-Kalibriersystem Das Topas FCS 248 ist ein pr\u00e4zisionsgefertigtes Photometer-Kalibriersystem, das stabile, reproduzierbare Aerosole f\u00fcr die Kalibrierung von Photometern, Partikelz\u00e4hlern und Aerosolspektrometern bereitstellt. Es eignet sich besonders f\u00fcr Reinraumumgebungen, Filterpr\u00fcfanlagen und Labore, die eine hochgenaue und r\u00fcckf\u00fchrbare Aerosolerzeugung zur Ger\u00e4tevalidierung ben\u00f6tigen. <div class=\"et_pb_module dsm_breadcrumbs dsm_breadcrumbs_0\">\n\t\t\t\t\n\t\t\t\t\n\t\t\t\t\n\t\t\t\t\n\t\t\t\t\n\t\t\t\t\n\t\t\t\t<div class=\"et_pb_module_inner\">\n\t\t\t\t\t<nav class=\"dsm_breadcrumbs_wrap\">\n\t\t\t\t<ul class=\"dsm_breadcrumbs\" itemscope itemtype=\"https:\/\/schema.org\/BreadcrumbList\">\t\t\t<li class=\"dsm_breadcrumbs_item dsm_home_item dsm_home_item_custom\" itemprop=\"itemListElement\" itemscope\n\t\t\titemtype=\"https:\/\/schema.org\/ListItem\">\n\t\t\t\t<a href=\"https:\/\/sistema-group.de\/de\/\" itemprop=\"item\" target=\"\">\n\t\t\t\t\t<span class='dsm_home_text_wrapper'>\n\t\t\t\t\t\t\t\t\t\t\t\t\t<span class=\"et-pb-icon dsm_home_icon\">\ue009<\/span>\n\t\t\t\t\t\t\t\t\t\t\t\t\t<span class=\"dsm_home_text\" itemprop=\"name\">\n\t\t\t\t\t\t\t\tHome\t\t\t\t\t\t\t<\/span>\n\t\t\t\t\t<\/span>\n\t\t\t\t<\/a>\n\t\t\t\t<meta itemprop=\"position\" content=\"1\" \/>\n\t\t\t<\/li>\n\n\t\t<li class=\"dsm_breadcrumbs_separator\"> <span class=\"et-pb-icon dsm_separator_icon\">5<\/span><\/li><\/ul>\n\t\t\t<\/nav>\n\t\t\t\t<\/div>\n\t\t\t<\/div>Hauptmerkmale Stabile Aerosolerzeugung: Das FCS 248 erzeugt einen konsistenten Aerosolaussto\u00df, der reproduzierbare Testbedingungen und genaue Kalibrierungsergebnisse gew\u00e4hrleistet. Seine Konstruktion sorgt f\u00fcr eine gleichm\u00e4\u00dfige Partikelkonzentration und -gr\u00f6\u00dfenverteilung \u00fcber l\u00e4ngere Zeitr\u00e4ume, was f\u00fcr eine zuverl\u00e4ssige Ger\u00e4tevalidierung entscheidend ist. Kompatibilit\u00e4t mit verschiedenen Testmedien: Das System kann Aerosole aus Standard-Kalibrierfl\u00fcssigkeiten wie DEHS oder PAO erzeugen und unterst\u00fctzt so eine Vielzahl von Photometer- und Partikelz\u00e4hlertypen. Kompaktes und reinraumtaugliches Design: Das FCS 248 ist mit einem Edelstahlgeh\u00e4use ausgestattet, robust, leicht zu reinigen und vollst\u00e4ndig kompatibel mit ISO-klassifizierten Reinraumumgebungen. Seine kompakte Stellfl\u00e4che erm\u00f6glicht die Integration in bestehende Labor- oder Validierungsabl\u00e4ufe, ohne dass umfangreicher Platzbedarf entsteht. Autonomer Betrieb: Das System arbeitet unabh\u00e4ngig und minimiert so den Bedienereingriff. Es kann in Messinstrumente f\u00fcr automatisierte Kalibriersequenzen integriert werden, was die Effizienz des Arbeitsablaufs verbessert. Pr\u00e4zise Steuerung und Reproduzierbarkeit: Das FCS 248 erm\u00f6glicht eine pr\u00e4zise Einstellung der Aerosolkonzentration und des Durchflusses, wodurch sichergestellt wird, [&hellip;]<\/p>\n","protected":false},"author":1,"featured_media":0,"parent":246223,"menu_order":0,"comment_status":"closed","ping_status":"closed","template":"","meta":{"_et_pb_use_builder":"on","_et_pb_old_content":"","_et_gb_content_width":"","footnotes":""},"class_list":["post-246197","page","type-page","status-publish","hentry"],"yoast_head":"<!-- This site is optimized with the Yoast SEO plugin v27.5 - https:\/\/yoast.com\/product\/yoast-seo-wordpress\/ -->\n<title>Sistema-MK | Reinraum-Messl\u00f6sungen \u2013 FCS248<\/title>\n<meta name=\"description\" content=\"Das Topas FCS 248 ist ein pr\u00e4zisionsgefertigtes Photometer-Kalibriersystem, das stabile, reproduzierbare Aerosole f\u00fcr die Kalibrierung von Photometern, Partikelz\u00e4hlern und Aerosolspektrometern bereitstellt.\" \/>\n<meta name=\"robots\" content=\"index, follow, max-snippet:-1, max-image-preview:large, max-video-preview:-1\" \/>\n<link rel=\"canonical\" href=\"https:\/\/sistema-group.de\/de\/aerosolgeneratoren-und-aerosolverduenner\/fcs248\/\" \/>\n<meta property=\"og:locale\" content=\"de_DE\" \/>\n<meta property=\"og:type\" content=\"article\" \/>\n<meta property=\"og:title\" content=\"Sistema-MK | Reinraum-Messl\u00f6sungen \u2013 FCS248\" \/>\n<meta property=\"og:description\" content=\"Das Topas FCS 248 ist ein pr\u00e4zisionsgefertigtes Photometer-Kalibriersystem, das stabile, reproduzierbare Aerosole f\u00fcr die Kalibrierung von Photometern, Partikelz\u00e4hlern und Aerosolspektrometern bereitstellt.\" \/>\n<meta property=\"og:url\" content=\"https:\/\/sistema-group.de\/de\/aerosolgeneratoren-und-aerosolverduenner\/fcs248\/\" \/>\n<meta property=\"og:site_name\" content=\"Sistema-MK\" \/>\n<meta property=\"article:modified_time\" content=\"2025-11-12T15:04:35+00:00\" \/>\n<meta name=\"twitter:card\" content=\"summary_large_image\" \/>\n<meta name=\"twitter:label1\" content=\"Gesch\u00e4tzte Lesezeit\" \/>\n\t<meta name=\"twitter:data1\" content=\"6\u00a0Minuten\" \/>\n<script type=\"application\/ld+json\" class=\"yoast-schema-graph\">{\"@context\":\"https:\\\/\\\/schema.org\",\"@graph\":[{\"@type\":\"WebPage\",\"@id\":\"https:\\\/\\\/sistema-group.de\\\/de\\\/aerosolgeneratoren-und-aerosolverduenner\\\/fcs248\\\/\",\"url\":\"https:\\\/\\\/sistema-group.de\\\/de\\\/aerosolgeneratoren-und-aerosolverduenner\\\/fcs248\\\/\",\"name\":\"Sistema-MK | Reinraum-Messl\u00f6sungen \u2013 FCS248\",\"isPartOf\":{\"@id\":\"https:\\\/\\\/sistema-group.de\\\/de\\\/#website\"},\"datePublished\":\"2025-09-30T14:19:52+00:00\",\"dateModified\":\"2025-11-12T15:04:35+00:00\",\"description\":\"Das Topas FCS 248 ist ein pr\u00e4zisionsgefertigtes Photometer-Kalibriersystem, das stabile, reproduzierbare Aerosole f\u00fcr die Kalibrierung von Photometern, Partikelz\u00e4hlern und Aerosolspektrometern bereitstellt.\",\"breadcrumb\":{\"@id\":\"https:\\\/\\\/sistema-group.de\\\/de\\\/aerosolgeneratoren-und-aerosolverduenner\\\/fcs248\\\/#breadcrumb\"},\"inLanguage\":\"de\",\"potentialAction\":[{\"@type\":\"ReadAction\",\"target\":[\"https:\\\/\\\/sistema-group.de\\\/de\\\/aerosolgeneratoren-und-aerosolverduenner\\\/fcs248\\\/\"]}]},{\"@type\":\"BreadcrumbList\",\"@id\":\"https:\\\/\\\/sistema-group.de\\\/de\\\/aerosolgeneratoren-und-aerosolverduenner\\\/fcs248\\\/#breadcrumb\",\"itemListElement\":[{\"@type\":\"ListItem\",\"position\":1,\"name\":\"Startseite\",\"item\":\"https:\\\/\\\/sistema-group.de\\\/de\\\/startseite\\\/\"},{\"@type\":\"ListItem\",\"position\":2,\"name\":\"AEROSOLGENERATOREN UND AEROSOLVERD\u00dcNNER\",\"item\":\"https:\\\/\\\/sistema-group.de\\\/de\\\/aerosolgeneratoren-und-aerosolverduenner\\\/\"},{\"@type\":\"ListItem\",\"position\":3,\"name\":\"FCS248\"}]},{\"@type\":\"WebSite\",\"@id\":\"https:\\\/\\\/sistema-group.de\\\/de\\\/#website\",\"url\":\"https:\\\/\\\/sistema-group.de\\\/de\\\/\",\"name\":\"Sistema-MK\",\"description\":\"Innovative Systems for Cleanroom Airflow Visualization &amp; Particle Measurement\",\"potentialAction\":[{\"@type\":\"SearchAction\",\"target\":{\"@type\":\"EntryPoint\",\"urlTemplate\":\"https:\\\/\\\/sistema-group.de\\\/de\\\/?s={search_term_string}\"},\"query-input\":{\"@type\":\"PropertyValueSpecification\",\"valueRequired\":true,\"valueName\":\"search_term_string\"}}],\"inLanguage\":\"de\"}]}<\/script>\n<!-- \/ Yoast SEO plugin. -->","yoast_head_json":{"title":"Sistema-MK | Reinraum-Messl\u00f6sungen \u2013 FCS248","description":"Das Topas FCS 248 ist ein pr\u00e4zisionsgefertigtes Photometer-Kalibriersystem, das stabile, reproduzierbare Aerosole f\u00fcr die Kalibrierung von Photometern, Partikelz\u00e4hlern und Aerosolspektrometern bereitstellt.","robots":{"index":"index","follow":"follow","max-snippet":"max-snippet:-1","max-image-preview":"max-image-preview:large","max-video-preview":"max-video-preview:-1"},"canonical":"https:\/\/sistema-group.de\/de\/aerosolgeneratoren-und-aerosolverduenner\/fcs248\/","og_locale":"de_DE","og_type":"article","og_title":"Sistema-MK | Reinraum-Messl\u00f6sungen \u2013 FCS248","og_description":"Das Topas FCS 248 ist ein pr\u00e4zisionsgefertigtes Photometer-Kalibriersystem, das stabile, reproduzierbare Aerosole f\u00fcr die Kalibrierung von Photometern, Partikelz\u00e4hlern und Aerosolspektrometern bereitstellt.","og_url":"https:\/\/sistema-group.de\/de\/aerosolgeneratoren-und-aerosolverduenner\/fcs248\/","og_site_name":"Sistema-MK","article_modified_time":"2025-11-12T15:04:35+00:00","twitter_card":"summary_large_image","twitter_misc":{"Gesch\u00e4tzte Lesezeit":"6\u00a0Minuten"},"schema":{"@context":"https:\/\/schema.org","@graph":[{"@type":"WebPage","@id":"https:\/\/sistema-group.de\/de\/aerosolgeneratoren-und-aerosolverduenner\/fcs248\/","url":"https:\/\/sistema-group.de\/de\/aerosolgeneratoren-und-aerosolverduenner\/fcs248\/","name":"Sistema-MK | Reinraum-Messl\u00f6sungen \u2013 FCS248","isPartOf":{"@id":"https:\/\/sistema-group.de\/de\/#website"},"datePublished":"2025-09-30T14:19:52+00:00","dateModified":"2025-11-12T15:04:35+00:00","description":"Das Topas FCS 248 ist ein pr\u00e4zisionsgefertigtes Photometer-Kalibriersystem, das stabile, reproduzierbare Aerosole f\u00fcr die Kalibrierung von Photometern, Partikelz\u00e4hlern und Aerosolspektrometern bereitstellt.","breadcrumb":{"@id":"https:\/\/sistema-group.de\/de\/aerosolgeneratoren-und-aerosolverduenner\/fcs248\/#breadcrumb"},"inLanguage":"de","potentialAction":[{"@type":"ReadAction","target":["https:\/\/sistema-group.de\/de\/aerosolgeneratoren-und-aerosolverduenner\/fcs248\/"]}]},{"@type":"BreadcrumbList","@id":"https:\/\/sistema-group.de\/de\/aerosolgeneratoren-und-aerosolverduenner\/fcs248\/#breadcrumb","itemListElement":[{"@type":"ListItem","position":1,"name":"Startseite","item":"https:\/\/sistema-group.de\/de\/startseite\/"},{"@type":"ListItem","position":2,"name":"AEROSOLGENERATOREN UND AEROSOLVERD\u00dcNNER","item":"https:\/\/sistema-group.de\/de\/aerosolgeneratoren-und-aerosolverduenner\/"},{"@type":"ListItem","position":3,"name":"FCS248"}]},{"@type":"WebSite","@id":"https:\/\/sistema-group.de\/de\/#website","url":"https:\/\/sistema-group.de\/de\/","name":"Sistema-MK","description":"Innovative Systems for Cleanroom Airflow Visualization &amp; Particle Measurement","potentialAction":[{"@type":"SearchAction","target":{"@type":"EntryPoint","urlTemplate":"https:\/\/sistema-group.de\/de\/?s={search_term_string}"},"query-input":{"@type":"PropertyValueSpecification","valueRequired":true,"valueName":"search_term_string"}}],"inLanguage":"de"}]}},"_links":{"self":[{"href":"https:\/\/sistema-group.de\/de\/wp-json\/wp\/v2\/pages\/246197","targetHints":{"allow":["GET"]}}],"collection":[{"href":"https:\/\/sistema-group.de\/de\/wp-json\/wp\/v2\/pages"}],"about":[{"href":"https:\/\/sistema-group.de\/de\/wp-json\/wp\/v2\/types\/page"}],"author":[{"embeddable":true,"href":"https:\/\/sistema-group.de\/de\/wp-json\/wp\/v2\/users\/1"}],"replies":[{"embeddable":true,"href":"https:\/\/sistema-group.de\/de\/wp-json\/wp\/v2\/comments?post=246197"}],"version-history":[{"count":2,"href":"https:\/\/sistema-group.de\/de\/wp-json\/wp\/v2\/pages\/246197\/revisions"}],"predecessor-version":[{"id":246326,"href":"https:\/\/sistema-group.de\/de\/wp-json\/wp\/v2\/pages\/246197\/revisions\/246326"}],"up":[{"embeddable":true,"href":"https:\/\/sistema-group.de\/de\/wp-json\/wp\/v2\/pages\/246223"}],"wp:attachment":[{"href":"https:\/\/sistema-group.de\/de\/wp-json\/wp\/v2\/media?parent=246197"}],"curies":[{"name":"wp","href":"https:\/\/api.w.org\/{rel}","templated":true}]}}