{"id":246217,"date":"2025-09-15T17:47:26","date_gmt":"2025-09-15T15:47:26","guid":{"rendered":"https:\/\/sistema-group.de\/luftstrom-mapping-systeme\/apollo-ap-serie-stickstoff-reinraum-nebelmaschinen\/"},"modified":"2025-11-12T13:56:52","modified_gmt":"2025-11-12T12:56:52","slug":"apollo-ap-serie-stickstoff-reinraum-nebelmaschinen","status":"publish","type":"page","link":"https:\/\/sistema-group.de\/de\/luftstrom-mapping-systeme\/apollo-ap-serie-stickstoff-reinraum-nebelmaschinen\/","title":{"rendered":"apollo AP-Serie Stickstoff-Reinraum-Nebelmaschinen"},"content":{"rendered":"\n[et_pb_section fb_built=&#8220;1&#8243; custom_padding_last_edited=&#8220;on|phone&#8220; admin_label=&#8220;Hero&#8220; _builder_version=&#8220;4.27.4&#8243; use_background_color_gradient=&#8220;on&#8220; background_color_gradient_stops=&#8220;#026fb0 26%|#0386cc 100%&#8220; background_color_gradient_start=&#8220;#001b56&#8243; background_color_gradient_start_position=&#8220;28%&#8220; background_color_gradient_end=&#8220;#0e4de3&#8243; background_image=&#8220;https:\/\/sistema-group.de\/wp-content\/uploads\/2025\/06\/robotics-05-1.png&#8220; background_size=&#8220;initial&#8220; background_position=&#8220;bottom_right&#8220; min_height=&#8220;900px&#8220; min_height_tablet=&#8220;1300px&#8220; min_height_phone=&#8220;1200px&#8220; min_height_last_edited=&#8220;on|phone&#8220; custom_margin=&#8220;|3vw|||false|false&#8220; custom_margin_tablet=&#8220;|0%|||false|false&#8220; custom_margin_phone=&#8220;|0%|||false|false&#8220; custom_margin_last_edited=&#8220;on|tablet&#8220; custom_padding=&#8220;13vw||4vw|10vw|false|false&#8220; custom_padding_tablet=&#8220;|10vw||10vw|false|true&#8220; custom_padding_phone=&#8220;30vw||||false|true&#8220; hover_enabled=&#8220;0&#8243; locked=&#8220;off&#8220; global_colors_info=&#8220;{}&#8220; sticky_enabled=&#8220;0&#8243;][et_pb_row column_structure=&#8220;1_3,2_3&#8243; _builder_version=&#8220;4.27.4&#8243; width=&#8220;100%&#8220; max_width=&#8220;1530px&#8220; global_colors_info=&#8220;{}&#8220;][et_pb_column type=&#8220;1_3&#8243; _builder_version=&#8220;4.16&#8243; global_colors_info=&#8220;{}&#8220;][et_pb_image src=&#8220;https:\/\/sistema-group.de\/wp-content\/uploads\/2025\/06\/AFM-airflow-mapper-apollo-AP35-3-LN2_empty.png&#8220; alt=&#8220;AFM (Luftstrom-Mapper) apollo AP35 3 LN2 leer&#8220; title_text=&#8220;AFM (Luftstrom-Mapper) apollo AP35 3 LN2 leer&#8220; show_bottom_space=&#8220;off&#8220; align=&#8220;center&#8220; admin_label=&#8220;Image&#8220; _builder_version=&#8220;4.27.4&#8243; width=&#8220;100%&#8220; width_tablet=&#8220;80%&#8220; width_phone=&#8220;80%&#8220; width_last_edited=&#8220;on|desktop&#8220; module_alignment=&#8220;center&#8220; custom_margin=&#8220;-50px||||false|false&#8220; custom_margin_tablet=&#8220;&#8220; custom_margin_phone=&#8220;&#8220; custom_margin_last_edited=&#8220;on|tablet&#8220; animation_style=&#8220;zoom&#8220; animation_duration=&#8220;2000ms&#8220; scroll_vertical_motion_tablet=&#8220;&#8220; scroll_vertical_motion_phone=&#8220;&#8220; scroll_vertical_motion_last_edited=&#8220;on|desktop&#8220; global_colors_info=&#8220;{}&#8220;][\/et_pb_image][\/et_pb_column][et_pb_column type=&#8220;2_3&#8243; _builder_version=&#8220;4.27.4&#8243; custom_padding=&#8220;|||10px|false|false&#8220; global_colors_info=&#8220;{}&#8220;][et_pb_text _builder_version=&#8220;4.27.4&#8243; _module_preset=&#8220;default&#8220; text_font=&#8220;||||||||&#8220; text_font_size=&#8220;18px&#8220; text_line_height=&#8220;1.8em&#8220; header_font=&#8220;|||on|||||&#8220; background_layout=&#8220;dark&#8220; max_width=&#8220;500px&#8220; module_alignment=&#8220;left&#8220; text_font_size_tablet=&#8220;15px&#8220; text_font_size_phone=&#8220;14px&#8220; text_font_size_last_edited=&#8220;on|phone&#8220; module_alignment_tablet=&#8220;center&#8220; module_alignment_phone=&#8220;center&#8220; module_alignment_last_edited=&#8220;on|phone&#8220; locked=&#8220;off&#8220; global_colors_info=&#8220;{}&#8220;]<div class=\"et_pb_module et_pb_text et_pb_text_0_tb_body et_pb_text_align_left et_pb_bg_layout_dark\">\n<div class=\"et_pb_text_inner\">\n<div class=\"et_pb_module et_pb_text et_pb_text_0_tb_body et_pb_text_align_left et_pb_bg_layout_dark\">\n<div class=\"et_pb_text_inner\">\n<div class=\"et_pb_module et_pb_text et_pb_text_0_tb_body et_pb_text_align_left et_pb_bg_layout_dark\">\n<div class=\"et_pb_text_inner\">\n<h1>apollo AP-Serie Stickstoff-Reinraum-Nebelmaschinen<\/h1>\n<\/div>\n<\/div>\n<div class=\"et_pb_module et_pb_text et_pb_text_1_tb_body et_pb_text_align_left et_pb_bg_layout_dark\">\n<div class=\"et_pb_text_inner\">\n<p>Die apollo (AP)-Serie (AP35-4 I AP50-4, AP100-4 und AP150-4) sind Stickstoff-\/Wassernabelmaschinen f\u00fcr sehr gro\u00dffl\u00e4chige, hochreine Reinraumanwendungen. Die Systeme erzeugen massive Nebelmengen mit trockenem, papierwei\u00dfem Nebel unter Verwendung von Stickstoff und Reinstwasser, mit eingebauten Ventilatoren, gro\u00dfen Tanks\/Dewar-Gef\u00e4\u00dfen, flexibler Ausgabe und eignen sich f\u00fcr gro\u00dfe ISO-Reinraumzonen, die eine hohe Nebelleistung \u00fcber l\u00e4ngere Zeitr\u00e4ume erfordern.<\/p>\n<\/div>\n<\/div>\n<\/div>\n<\/div>\n<\/div>\n<\/div>[\/et_pb_text][\/et_pb_column][\/et_pb_row][\/et_pb_section][et_pb_section fb_built=&#8220;1&#8243; _builder_version=&#8220;4.27.4&#8243; _module_preset=&#8220;default&#8220; custom_padding=&#8220;0px||||false|false&#8220; global_colors_info=&#8220;{}&#8220;][et_pb_row _builder_version=&#8220;4.27.4&#8243; _module_preset=&#8220;default&#8220; locked=&#8220;off&#8220; global_colors_info=&#8220;{}&#8220;][et_pb_column type=&#8220;4_4&#8243; _builder_version=&#8220;4.27.4&#8243; _module_preset=&#8220;default&#8220; global_colors_info=&#8220;{}&#8220;][dsm_breadcrumbs _builder_version=&#8220;4.27.4&#8243; _module_preset=&#8220;default&#8220; items_text_color=&#8220;#636363&#8243; home_icon_text_color=&#8220;#026FB0&#8243; current_text_color=&#8220;#026FB0&#8243; items_font_size_tablet=&#8220;&#8220; items_font_size_phone=&#8220;12px&#8220; items_font_size_last_edited=&#8220;on|phone&#8220; current_font_size_tablet=&#8220;&#8220; current_font_size_phone=&#8220;12px&#8220; current_font_size_last_edited=&#8220;on|phone&#8220; global_colors_info=&#8220;{}&#8220;][\/dsm_breadcrumbs][\/et_pb_column][\/et_pb_row][et_pb_row column_structure=&#8220;1_2,1_2&#8243; _builder_version=&#8220;4.27.4&#8243; _module_preset=&#8220;default&#8220; global_colors_info=&#8220;{}&#8220;][et_pb_column type=&#8220;1_2&#8243; _builder_version=&#8220;4.27.4&#8243; _module_preset=&#8220;default&#8220; global_colors_info=&#8220;{}&#8220;][et_pb_image src=&#8220;https:\/\/sistema-group.de\/wp-content\/uploads\/2025\/09\/AFM-airflow-mapper-apollo-AP100-4-LN2-s.png&#8220; alt=&#8220;AFM (Luftstrom-Mapper) apollo AP100 4 LN2 s&#8220; title_text=&#8220;AFM (Luftstrom-Mapper) apollo AP100 4 LN2 s&#8220; _builder_version=&#8220;4.27.4&#8243; _module_preset=&#8220;default&#8220; max_width=&#8220;400px&#8220; module_alignment=&#8220;center&#8220; global_colors_info=&#8220;{}&#8220;][\/et_pb_image][\/et_pb_column][et_pb_column type=&#8220;1_2&#8243; _builder_version=&#8220;4.27.4&#8243; _module_preset=&#8220;default&#8220; global_colors_info=&#8220;{}&#8220;][et_pb_text _builder_version=&#8220;4.27.4&#8243; _module_preset=&#8220;default&#8220; global_colors_info=&#8220;{}&#8220;]<p><span>Die hochreinen AFM apollo-Serien AP35-4, AP50-4, AP100-4 und AP150-4 von Sistema sind Stickstoff-Reinraum-Nebelmaschinen (Stickstoff-Di-Wasser-Nebelmaschinen), die ein extrem reichliches Volumen an hochreinem Nebel von trockenem Charakter und papierwei\u00dfer Dichte liefern. Die Technologie, die die AFM apollo-Serien AP35-4, AP50-4, AP100-4 und AP150-4 daf\u00fcr einsetzen, ist un\u00fcbertroffen von jeder anderen f\u00fcr Reinr\u00e4ume geeigneten Nebelerzeugungstechnologie, sei es Wandlertechnologie, Trockeneis oder Fluid-\/Hei\u00dfdrahttechnologie. Die AFM apollo-Serien AP35-4, AP50-4, AP100-4 und AP150-4 eignen sich f\u00fcr jede Art von mittleren bis sehr gro\u00dfen kontaminationsfreien \u201eRauchstudien\u201c und Luftstrom-Mapping-Studien in Reinr\u00e4umen, Sterilr\u00e4umen, Operationss\u00e4len, ISO-Suiten usw. gem\u00e4\u00df ISO 14644-3 Anhang B7.<\/span><\/p>[\/et_pb_text][et_pb_blurb title=&#8220;Brosch\u00fcre&#8220; use_icon=&#8220;on&#8220; font_icon=&#8220;&#xf1c1;||fa||400&#8243; icon_color=&#8220;#CE0000&#8243; module_class=&#8220;lkc-inline&#8220; _builder_version=&#8220;4.27.4&#8243; _module_preset=&#8220;default&#8220; text_orientation=&#8220;center&#8220; custom_margin=&#8220;|20px|0px||false|false&#8220; link_option_url=&#8220;https:\/\/sistema-group.de\/wp-content\/uploads\/2025\/10\/Sistema-apollo-series-AP35-LN2-I-AP50-LN2-I-AP100-LN2-I-AP150-LN2-CLEANROOM-FOGGERS-I-AIRFLOW-MAPPERS_brochure-02.2025.pdf&#8220; link_option_url_new_window=&#8220;on&#8220; global_colors_info=&#8220;{}&#8220;][\/et_pb_blurb][et_pb_blurb title=&#8220;Anfrage&#8220; use_icon=&#8220;on&#8220; font_icon=&#8220;&#xf1c3;||fa||400&#8243; icon_color=&#8220;#468c01&#8243; module_class=&#8220;lkc-inline&#8220; _builder_version=&#8220;4.27.4&#8243; _module_preset=&#8220;default&#8220; text_orientation=&#8220;center&#8220; custom_margin=&#8220;||0px||false|false&#8220; link_option_url=&#8220;https:\/\/sistema-group.de\/wp-content\/uploads\/2025\/10\/AFM-apollo-AP35-4-LN2-I-AP50-4-LN2-I-AP100-4-LN2-I-AP150-4-LN2_Vorlage-fur-Anfrageliste_safe.xlsx&#8220; link_option_url_new_window=&#8220;on&#8220; locked=&#8220;off&#8220; global_colors_info=&#8220;{}&#8220;][\/et_pb_blurb][et_pb_code _builder_version=&#8220;4.27.4&#8243; _module_preset=&#8220;default&#8220; global_colors_info=&#8220;{}&#8220;]<style><!-- [et_pb_line_break_holder] -->@media only screen and (min-width: 1600px) {<!-- [et_pb_line_break_holder] -->.lkc-inline {<!-- [et_pb_line_break_holder] -->  display: inline-block;<!-- [et_pb_line_break_holder] -->  vertical-align: middle;<!-- [et_pb_line_break_holder] -->}<!-- [et_pb_line_break_holder] -->}<!-- [et_pb_line_break_holder] --><\/style>[\/et_pb_code][et_pb_text _builder_version=&#8220;4.27.4&#8243; _module_preset=&#8220;default&#8220; custom_margin=&#8220;20px||20px||true|false&#8220; global_colors_info=&#8220;{}&#8220;]<strong>Gehen Sie das <span style=\"color: #468c01;\">Anfrageformular<\/span> durch, w\u00e4hlen Sie Produkte aus und speichern Sie die Datei.<\/strong>[\/et_pb_text][et_pb_button button_text=&#8220;Kontakt mit Dateiupload&#8220; _builder_version=&#8220;4.27.4&#8243; _module_preset=&#8220;default&#8220; custom_button=&#8220;on&#8220; button_text_color=&#8220;#FFFFFF&#8220; button_use_icon=&#8220;off&#8220; dsm_modules_popup=&#8220;on&#8220; dsm_modules_popup_library=&#8220;245670&#8243; dsm_modules_overlay_background=&#8220;rgba(255,255,255,0.87)&#8220; global_colors_info=&#8220;{}&#8220;][\/et_pb_button][\/et_pb_column][\/et_pb_row][et_pb_row column_structure=&#8220;1_3,1_3,1_3&#8243; _builder_version=&#8220;4.27.4&#8243; _module_preset=&#8220;default&#8220; locked=&#8220;off&#8220; global_colors_info=&#8220;{}&#8220;][et_pb_column type=&#8220;1_3&#8243; _builder_version=&#8220;4.27.4&#8243; _module_preset=&#8220;default&#8220; global_colors_info=&#8220;{}&#8220;][et_pb_video src=&#8220;https:\/\/sistema-group.de\/wp-content\/uploads\/2025\/09\/AFM-apollo-AP-series-LN2_video-1-cr.mp4&#8243; _builder_version=&#8220;4.27.4&#8243; _module_preset=&#8220;default&#8220; hover_enabled=&#8220;0&#8243; global_colors_info=&#8220;{}&#8220; alt=&#8220;apollo Vorschaubild&#8220; title_text=&#8220;apollo thumbnail&#8220; image_src=&#8220;https:\/\/sistema-group.de\/wp-content\/uploads\/2025\/10\/apollo-thumbnail.jpg&#8220; sticky_enabled=&#8220;0&#8243;][\/et_pb_video][\/et_pb_column][et_pb_column type=&#8220;1_3&#8243; _builder_version=&#8220;4.27.4&#8243; _module_preset=&#8220;default&#8220; global_colors_info=&#8220;{}&#8220;][\/et_pb_column][et_pb_column type=&#8220;1_3&#8243; _builder_version=&#8220;4.27.4&#8243; _module_preset=&#8220;default&#8220; global_colors_info=&#8220;{}&#8220;][\/et_pb_column][\/et_pb_row][\/et_pb_section]\n","protected":false},"excerpt":{"rendered":"<p>apollo AP-Serie Stickstoff-Reinraum-Nebelmaschinen Die apollo (AP)-Serie (AP35-4 I AP50-4, AP100-4 und AP150-4) sind Stickstoff-\/Wassernabelmaschinen f\u00fcr sehr gro\u00dffl\u00e4chige, hochreine Reinraumanwendungen. Die Systeme erzeugen massive Nebelmengen mit trockenem, papierwei\u00dfem Nebel unter Verwendung von Stickstoff und Reinstwasser, mit eingebauten Ventilatoren, gro\u00dfen Tanks\/Dewar-Gef\u00e4\u00dfen, flexibler Ausgabe und eignen sich f\u00fcr gro\u00dfe ISO-Reinraumzonen, die eine hohe Nebelleistung \u00fcber l\u00e4ngere Zeitr\u00e4ume erfordern. <div class=\"et_pb_module dsm_breadcrumbs dsm_breadcrumbs_0\">\n\t\t\t\t\n\t\t\t\t\n\t\t\t\t\n\t\t\t\t\n\t\t\t\t\n\t\t\t\t\n\t\t\t\t<div class=\"et_pb_module_inner\">\n\t\t\t\t\t<nav class=\"dsm_breadcrumbs_wrap\">\n\t\t\t\t<ul class=\"dsm_breadcrumbs\" itemscope itemtype=\"https:\/\/schema.org\/BreadcrumbList\">\t\t\t<li class=\"dsm_breadcrumbs_item dsm_home_item dsm_home_item_custom\" itemprop=\"itemListElement\" itemscope\n\t\t\titemtype=\"https:\/\/schema.org\/ListItem\">\n\t\t\t\t<a href=\"https:\/\/sistema-group.de\/de\/\" itemprop=\"item\" target=\"\">\n\t\t\t\t\t<span class='dsm_home_text_wrapper'>\n\t\t\t\t\t\t\t\t\t\t\t\t\t<span class=\"et-pb-icon dsm_home_icon\">\ue009<\/span>\n\t\t\t\t\t\t\t\t\t\t\t\t\t<span class=\"dsm_home_text\" itemprop=\"name\">\n\t\t\t\t\t\t\t\tHome\t\t\t\t\t\t\t<\/span>\n\t\t\t\t\t<\/span>\n\t\t\t\t<\/a>\n\t\t\t\t<meta itemprop=\"position\" content=\"1\" \/>\n\t\t\t<\/li>\n\n\t\t<li class=\"dsm_breadcrumbs_separator\"> <span class=\"et-pb-icon dsm_separator_icon\">5<\/span><\/li><\/ul>\n\t\t\t<\/nav>\n\t\t\t\t<\/div>\n\t\t\t<\/div>Die hochreinen AFM apollo-Serien AP35-4, AP50-4, AP100-4 und AP150-4 von Sistema sind Stickstoff-Reinraum-Nebelmaschinen (Stickstoff-Di-Wasser-Nebelmaschinen), die ein extrem reichliches Volumen an hochreinem Nebel von trockenem Charakter und papierwei\u00dfer Dichte liefern. Die Technologie, die die AFM apollo-Serien AP35-4, AP50-4, AP100-4 und AP150-4 daf\u00fcr einsetzen, ist un\u00fcbertroffen von jeder anderen f\u00fcr Reinr\u00e4ume geeigneten Nebelerzeugungstechnologie, sei es Wandlertechnologie, Trockeneis oder Fluid-\/Hei\u00dfdrahttechnologie. Die AFM apollo-Serien AP35-4, AP50-4, AP100-4 und AP150-4 eignen sich f\u00fcr jede Art von mittleren bis sehr gro\u00dfen kontaminationsfreien \u201eRauchstudien\u201c und Luftstrom-Mapping-Studien in Reinr\u00e4umen, Sterilr\u00e4umen, Operationss\u00e4len, ISO-Suiten usw. gem\u00e4\u00df ISO 14644-3 Anhang B7.Gehen Sie das Anfrageformular durch, w\u00e4hlen Sie Produkte aus und speichern Sie die Datei.<\/p>\n","protected":false},"author":1,"featured_media":0,"parent":246213,"menu_order":0,"comment_status":"closed","ping_status":"closed","template":"","meta":{"_et_pb_use_builder":"on","_et_pb_old_content":"","_et_gb_content_width":"","footnotes":""},"class_list":["post-246217","page","type-page","status-publish","hentry"],"yoast_head":"<!-- This site is optimized with the Yoast SEO plugin v27.4 - https:\/\/yoast.com\/product\/yoast-seo-wordpress\/ -->\n<title>Sistema-MK | Reinraum-Messl\u00f6sungen \u2013 apollo AP-Serie Stickstoff-Reinraum-Nebelmaschinen<\/title>\n<meta name=\"description\" content=\"Die apollo (AP)-Serie (AP35-4 I AP50-4, AP100-4 und AP150-4) sind Stickstoff-\/Wassernabelmaschinen f\u00fcr sehr gro\u00dffl\u00e4chige, hochreine Reinraumanwendungen.\" \/>\n<meta name=\"robots\" content=\"index, follow, max-snippet:-1, max-image-preview:large, max-video-preview:-1\" \/>\n<link rel=\"canonical\" href=\"https:\/\/sistema-group.de\/de\/luftstrom-mapping-systeme\/apollo-ap-serie-stickstoff-reinraum-nebelmaschinen\/\" \/>\n<meta property=\"og:locale\" content=\"de_DE\" \/>\n<meta property=\"og:type\" content=\"article\" \/>\n<meta property=\"og:title\" content=\"Sistema-MK | Reinraum-Messl\u00f6sungen \u2013 apollo AP-Serie Stickstoff-Reinraum-Nebelmaschinen\" \/>\n<meta property=\"og:description\" content=\"Die apollo (AP)-Serie (AP35-4 I AP50-4, AP100-4 und AP150-4) sind Stickstoff-\/Wassernabelmaschinen f\u00fcr sehr gro\u00dffl\u00e4chige, hochreine Reinraumanwendungen.\" \/>\n<meta property=\"og:url\" content=\"https:\/\/sistema-group.de\/de\/luftstrom-mapping-systeme\/apollo-ap-serie-stickstoff-reinraum-nebelmaschinen\/\" \/>\n<meta property=\"og:site_name\" content=\"Sistema-MK\" \/>\n<meta property=\"article:modified_time\" content=\"2025-11-12T12:56:52+00:00\" \/>\n<meta name=\"twitter:card\" content=\"summary_large_image\" \/>\n<meta name=\"twitter:label1\" content=\"Gesch\u00e4tzte Lesezeit\" \/>\n\t<meta name=\"twitter:data1\" content=\"5\u00a0Minuten\" \/>\n<script type=\"application\/ld+json\" class=\"yoast-schema-graph\">{\"@context\":\"https:\\\/\\\/schema.org\",\"@graph\":[{\"@type\":\"WebPage\",\"@id\":\"https:\\\/\\\/sistema-group.de\\\/de\\\/luftstrom-mapping-systeme\\\/apollo-ap-serie-stickstoff-reinraum-nebelmaschinen\\\/\",\"url\":\"https:\\\/\\\/sistema-group.de\\\/de\\\/luftstrom-mapping-systeme\\\/apollo-ap-serie-stickstoff-reinraum-nebelmaschinen\\\/\",\"name\":\"Sistema-MK | Reinraum-Messl\u00f6sungen \u2013 apollo AP-Serie Stickstoff-Reinraum-Nebelmaschinen\",\"isPartOf\":{\"@id\":\"https:\\\/\\\/sistema-group.de\\\/de\\\/#website\"},\"datePublished\":\"2025-09-15T15:47:26+00:00\",\"dateModified\":\"2025-11-12T12:56:52+00:00\",\"description\":\"Die apollo (AP)-Serie (AP35-4 I AP50-4, AP100-4 und AP150-4) sind Stickstoff-\\\/Wassernabelmaschinen f\u00fcr sehr gro\u00dffl\u00e4chige, hochreine Reinraumanwendungen.\",\"breadcrumb\":{\"@id\":\"https:\\\/\\\/sistema-group.de\\\/de\\\/luftstrom-mapping-systeme\\\/apollo-ap-serie-stickstoff-reinraum-nebelmaschinen\\\/#breadcrumb\"},\"inLanguage\":\"de\",\"potentialAction\":[{\"@type\":\"ReadAction\",\"target\":[\"https:\\\/\\\/sistema-group.de\\\/de\\\/luftstrom-mapping-systeme\\\/apollo-ap-serie-stickstoff-reinraum-nebelmaschinen\\\/\"]}]},{\"@type\":\"BreadcrumbList\",\"@id\":\"https:\\\/\\\/sistema-group.de\\\/de\\\/luftstrom-mapping-systeme\\\/apollo-ap-serie-stickstoff-reinraum-nebelmaschinen\\\/#breadcrumb\",\"itemListElement\":[{\"@type\":\"ListItem\",\"position\":1,\"name\":\"Startseite\",\"item\":\"https:\\\/\\\/sistema-group.de\\\/de\\\/startseite\\\/\"},{\"@type\":\"ListItem\",\"position\":2,\"name\":\"LUFTSTROM-MAPPING-SYSTEME\",\"item\":\"https:\\\/\\\/sistema-group.de\\\/de\\\/luftstrom-mapping-systeme\\\/\"},{\"@type\":\"ListItem\",\"position\":3,\"name\":\"apollo AP-Serie Stickstoff-Reinraum-Nebelmaschinen\"}]},{\"@type\":\"WebSite\",\"@id\":\"https:\\\/\\\/sistema-group.de\\\/de\\\/#website\",\"url\":\"https:\\\/\\\/sistema-group.de\\\/de\\\/\",\"name\":\"Sistema-MK\",\"description\":\"Innovative Systems for Cleanroom Airflow Visualization &amp; Particle Measurement\",\"potentialAction\":[{\"@type\":\"SearchAction\",\"target\":{\"@type\":\"EntryPoint\",\"urlTemplate\":\"https:\\\/\\\/sistema-group.de\\\/de\\\/?s={search_term_string}\"},\"query-input\":{\"@type\":\"PropertyValueSpecification\",\"valueRequired\":true,\"valueName\":\"search_term_string\"}}],\"inLanguage\":\"de\"}]}<\/script>\n<!-- \/ Yoast SEO plugin. -->","yoast_head_json":{"title":"Sistema-MK | Reinraum-Messl\u00f6sungen \u2013 apollo AP-Serie Stickstoff-Reinraum-Nebelmaschinen","description":"Die apollo (AP)-Serie (AP35-4 I AP50-4, AP100-4 und AP150-4) sind Stickstoff-\/Wassernabelmaschinen f\u00fcr sehr gro\u00dffl\u00e4chige, hochreine Reinraumanwendungen.","robots":{"index":"index","follow":"follow","max-snippet":"max-snippet:-1","max-image-preview":"max-image-preview:large","max-video-preview":"max-video-preview:-1"},"canonical":"https:\/\/sistema-group.de\/de\/luftstrom-mapping-systeme\/apollo-ap-serie-stickstoff-reinraum-nebelmaschinen\/","og_locale":"de_DE","og_type":"article","og_title":"Sistema-MK | Reinraum-Messl\u00f6sungen \u2013 apollo AP-Serie Stickstoff-Reinraum-Nebelmaschinen","og_description":"Die apollo (AP)-Serie (AP35-4 I AP50-4, AP100-4 und AP150-4) sind Stickstoff-\/Wassernabelmaschinen f\u00fcr sehr gro\u00dffl\u00e4chige, hochreine Reinraumanwendungen.","og_url":"https:\/\/sistema-group.de\/de\/luftstrom-mapping-systeme\/apollo-ap-serie-stickstoff-reinraum-nebelmaschinen\/","og_site_name":"Sistema-MK","article_modified_time":"2025-11-12T12:56:52+00:00","twitter_card":"summary_large_image","twitter_misc":{"Gesch\u00e4tzte Lesezeit":"5\u00a0Minuten"},"schema":{"@context":"https:\/\/schema.org","@graph":[{"@type":"WebPage","@id":"https:\/\/sistema-group.de\/de\/luftstrom-mapping-systeme\/apollo-ap-serie-stickstoff-reinraum-nebelmaschinen\/","url":"https:\/\/sistema-group.de\/de\/luftstrom-mapping-systeme\/apollo-ap-serie-stickstoff-reinraum-nebelmaschinen\/","name":"Sistema-MK | Reinraum-Messl\u00f6sungen \u2013 apollo AP-Serie Stickstoff-Reinraum-Nebelmaschinen","isPartOf":{"@id":"https:\/\/sistema-group.de\/de\/#website"},"datePublished":"2025-09-15T15:47:26+00:00","dateModified":"2025-11-12T12:56:52+00:00","description":"Die apollo (AP)-Serie (AP35-4 I AP50-4, AP100-4 und AP150-4) sind Stickstoff-\/Wassernabelmaschinen f\u00fcr sehr gro\u00dffl\u00e4chige, hochreine Reinraumanwendungen.","breadcrumb":{"@id":"https:\/\/sistema-group.de\/de\/luftstrom-mapping-systeme\/apollo-ap-serie-stickstoff-reinraum-nebelmaschinen\/#breadcrumb"},"inLanguage":"de","potentialAction":[{"@type":"ReadAction","target":["https:\/\/sistema-group.de\/de\/luftstrom-mapping-systeme\/apollo-ap-serie-stickstoff-reinraum-nebelmaschinen\/"]}]},{"@type":"BreadcrumbList","@id":"https:\/\/sistema-group.de\/de\/luftstrom-mapping-systeme\/apollo-ap-serie-stickstoff-reinraum-nebelmaschinen\/#breadcrumb","itemListElement":[{"@type":"ListItem","position":1,"name":"Startseite","item":"https:\/\/sistema-group.de\/de\/startseite\/"},{"@type":"ListItem","position":2,"name":"LUFTSTROM-MAPPING-SYSTEME","item":"https:\/\/sistema-group.de\/de\/luftstrom-mapping-systeme\/"},{"@type":"ListItem","position":3,"name":"apollo AP-Serie Stickstoff-Reinraum-Nebelmaschinen"}]},{"@type":"WebSite","@id":"https:\/\/sistema-group.de\/de\/#website","url":"https:\/\/sistema-group.de\/de\/","name":"Sistema-MK","description":"Innovative Systems for Cleanroom Airflow Visualization &amp; Particle Measurement","potentialAction":[{"@type":"SearchAction","target":{"@type":"EntryPoint","urlTemplate":"https:\/\/sistema-group.de\/de\/?s={search_term_string}"},"query-input":{"@type":"PropertyValueSpecification","valueRequired":true,"valueName":"search_term_string"}}],"inLanguage":"de"}]}},"_links":{"self":[{"href":"https:\/\/sistema-group.de\/de\/wp-json\/wp\/v2\/pages\/246217","targetHints":{"allow":["GET"]}}],"collection":[{"href":"https:\/\/sistema-group.de\/de\/wp-json\/wp\/v2\/pages"}],"about":[{"href":"https:\/\/sistema-group.de\/de\/wp-json\/wp\/v2\/types\/page"}],"author":[{"embeddable":true,"href":"https:\/\/sistema-group.de\/de\/wp-json\/wp\/v2\/users\/1"}],"replies":[{"embeddable":true,"href":"https:\/\/sistema-group.de\/de\/wp-json\/wp\/v2\/comments?post=246217"}],"version-history":[{"count":1,"href":"https:\/\/sistema-group.de\/de\/wp-json\/wp\/v2\/pages\/246217\/revisions"}],"predecessor-version":[{"id":246219,"href":"https:\/\/sistema-group.de\/de\/wp-json\/wp\/v2\/pages\/246217\/revisions\/246219"}],"up":[{"embeddable":true,"href":"https:\/\/sistema-group.de\/de\/wp-json\/wp\/v2\/pages\/246213"}],"wp:attachment":[{"href":"https:\/\/sistema-group.de\/de\/wp-json\/wp\/v2\/media?parent=246217"}],"curies":[{"name":"wp","href":"https:\/\/api.w.org\/{rel}","templated":true}]}}