{"id":246233,"date":"2025-09-15T17:46:07","date_gmt":"2025-09-15T15:46:07","guid":{"rendered":"https:\/\/sistema-group.de\/luftstrom-mapping-systeme\/afm-neo-dual-cube-serie\/"},"modified":"2026-02-10T11:22:02","modified_gmt":"2026-02-10T10:22:02","slug":"afm-neo-dual-cube-serie","status":"publish","type":"page","link":"https:\/\/sistema-group.de\/de\/luftstrom-mapping-systeme\/afm-neo-dual-cube-serie\/","title":{"rendered":"AFM-NEO | DUAL | CUBE SERIE"},"content":{"rendered":"<p>[et_pb_section fb_built=&#8220;1&#8243; custom_padding_last_edited=&#8220;on|phone&#8220; admin_label=&#8220;Hero&#8220; _builder_version=&#8220;4.27.5&#8243; use_background_color_gradient=&#8220;on&#8220; background_color_gradient_stops=&#8220;#026fb0 26%|#0386cc 100%&#8220; background_color_gradient_start=&#8220;#001b56&#8243; background_color_gradient_start_position=&#8220;28%&#8220; background_color_gradient_end=&#8220;#0e4de3&#8243; background_image=&#8220;https:\/\/sistema-group.de\/wp-content\/uploads\/2025\/06\/robotics-05-1.png&#8220; background_size=&#8220;initial&#8220; background_position=&#8220;bottom_right&#8220; min_height=&#8220;85vh&#8220; min_height_tablet=&#8220;1300px&#8220; min_height_phone=&#8220;1100px&#8220; min_height_last_edited=&#8220;on|phone&#8220; custom_margin=&#8220;|3vw|||false|false&#8220; custom_margin_tablet=&#8220;|0%|||false|false&#8220; custom_margin_phone=&#8220;|0%|||false|false&#8220; custom_margin_last_edited=&#8220;on|tablet&#8220; custom_padding=&#8220;13vw||4vw|10vw|false|false&#8220; custom_padding_tablet=&#8220;|10vw||10vw|false|true&#8220; custom_padding_phone=&#8220;30vw||||false|true&#8220; hover_enabled=&#8220;0&#8243; locked=&#8220;off&#8220; global_colors_info=&#8220;{}&#8220; sticky_enabled=&#8220;0&#8243;][et_pb_row column_structure=&#8220;1_3,2_3&#8243; _builder_version=&#8220;4.27.5&#8243; width=&#8220;100%&#8220; max_width=&#8220;1530px&#8220; global_colors_info=&#8220;{}&#8220;][et_pb_column type=&#8220;1_3&#8243; _builder_version=&#8220;4.16&#8243; global_colors_info=&#8220;{}&#8220;][et_pb_image src=&#8220;https:\/\/sistema-group.de\/wp-content\/uploads\/2025\/08\/AFM-AFM35-NEO_2.png&#8220; alt=&#8220;AFM AFM35 NEO 2&#8243; title_text=&#8220;AFM AFM35 NEO 2&#8243; show_bottom_space=&#8220;off&#8220; align=&#8220;center&#8220; admin_label=&#8220;Image&#8220; _builder_version=&#8220;4.27.4&#8243; transform_scale=&#8220;121%|121%&#8220; width=&#8220;100%&#8220; width_tablet=&#8220;80%&#8220; width_phone=&#8220;80%&#8220; width_last_edited=&#8220;on|desktop&#8220; module_alignment=&#8220;center&#8220; custom_margin=&#8220;-50px||||false|false&#8220; custom_margin_tablet=&#8220;&#8220; custom_margin_phone=&#8220;&#8220; custom_margin_last_edited=&#8220;on|tablet&#8220; animation_style=&#8220;zoom&#8220; animation_duration=&#8220;2000ms&#8220; scroll_vertical_motion_tablet=&#8220;&#8220; scroll_vertical_motion_phone=&#8220;&#8220; scroll_vertical_motion_last_edited=&#8220;on|desktop&#8220; global_colors_info=&#8220;{}&#8220;][\/et_pb_image][\/et_pb_column][et_pb_column type=&#8220;2_3&#8243; _builder_version=&#8220;4.27.4&#8243; custom_padding=&#8220;|||10px|false|false&#8220; global_colors_info=&#8220;{}&#8220;][et_pb_text _builder_version=&#8220;4.27.4&#8243; _module_preset=&#8220;default&#8220; text_font=&#8220;||||||||&#8220; text_font_size=&#8220;18px&#8220; text_line_height=&#8220;1.8em&#8220; background_layout=&#8220;dark&#8220; max_width=&#8220;500px&#8220; module_alignment=&#8220;left&#8220; text_font_size_tablet=&#8220;15px&#8220; text_font_size_phone=&#8220;14px&#8220; text_font_size_last_edited=&#8220;on|phone&#8220; module_alignment_tablet=&#8220;center&#8220; module_alignment_phone=&#8220;center&#8220; module_alignment_last_edited=&#8220;on|phone&#8220; locked=&#8220;off&#8220; global_colors_info=&#8220;{}&#8220;]<\/p>\n<div class=\"et_pb_module et_pb_text et_pb_text_0_tb_body et_pb_text_align_left et_pb_bg_layout_dark\">\n<div class=\"et_pb_text_inner\">\n<div class=\"et_pb_module et_pb_text et_pb_text_0_tb_body et_pb_text_align_left et_pb_bg_layout_dark\">\n<div class=\"et_pb_text_inner\">\n<h1>AFM-NEO | DUAL | CUBE SERIE<\/h1>\n<\/div>\n<\/div>\n<div class=\"et_pb_module et_pb_text et_pb_text_1_tb_body et_pb_text_align_left et_pb_bg_layout_dark\">\n<div class=\"et_pb_text_inner\">\n<p>Die Reinraum-Nebelger\u00e4teserie AFM-NEO von Sistema \u2014 einschlie\u00dflich des AFM CUBE, AFM24-NEO, AFM35-NEO, AFM40-DUAL \u2014 verwendet leistungsstarke, speziell entwickelte piezoelektrische Module aus Edelstahl, die speziell f\u00fcr Reinraumanwendungen entwickelt wurden.<br \/>Alle Modelle der AFM-NEO-Serie sind ausschlie\u00dflich f\u00fcr den Betrieb mit entionisiertem (DI-)Wasser oder Wasser f\u00fcr Injektionszwecke (WFI) als einzigem Fluidmedium konzipiert, um die Einhaltung von Reinraumstandards zu gew\u00e4hrleisten und die Erzeugung von ultrareinem Nebel f\u00fcr kritische Umgebungen zu unterst\u00fctzen.<\/p>\n<\/div>\n<\/div>\n<\/div>\n<\/div>\n<p>[\/et_pb_text][\/et_pb_column][\/et_pb_row][\/et_pb_section][et_pb_section fb_built=&#8220;1&#8243; _builder_version=&#8220;4.27.4&#8243; _module_preset=&#8220;default&#8220; custom_padding=&#8220;0px||0px||true|false&#8220; global_colors_info=&#8220;{}&#8220;][et_pb_row _builder_version=&#8220;4.27.4&#8243; _module_preset=&#8220;default&#8220; global_colors_info=&#8220;{}&#8220;][et_pb_column type=&#8220;4_4&#8243; _builder_version=&#8220;4.27.4&#8243; _module_preset=&#8220;default&#8220; global_colors_info=&#8220;{}&#8220;][dsm_breadcrumbs _builder_version=&#8220;4.27.4&#8243; _module_preset=&#8220;default&#8220; items_text_color=&#8220;#636363&#8243; home_icon_text_color=&#8220;#026FB0&#8243; current_text_color=&#8220;#026FB0&#8243; items_font_size_tablet=&#8220;&#8220; items_font_size_phone=&#8220;12px&#8220; items_font_size_last_edited=&#8220;on|phone&#8220; current_font_size_tablet=&#8220;&#8220; current_font_size_phone=&#8220;12px&#8220; current_font_size_last_edited=&#8220;on|phone&#8220; global_colors_info=&#8220;{}&#8220;][\/dsm_breadcrumbs][\/et_pb_column][\/et_pb_row][et_pb_row column_structure=&#8220;1_2,1_2&#8243; _builder_version=&#8220;4.27.4&#8243; _module_preset=&#8220;default&#8220; global_colors_info=&#8220;{}&#8220;][et_pb_column type=&#8220;1_2&#8243; _builder_version=&#8220;4.27.4&#8243; _module_preset=&#8220;default&#8220; global_colors_info=&#8220;{}&#8220;][et_pb_divider show_divider=&#8220;off&#8220; _builder_version=&#8220;4.27.4&#8243; _module_preset=&#8220;default&#8220; background_video_mp4=&#8220;https:\/\/sistema-group.de\/wp-content\/uploads\/2025\/09\/SistemaMXNeo24-2_small.mp4&#8243; background_video_width=&#8220;1920&#8243; background_video_height=&#8220;1080&#8243; custom_padding=&#8220;27%||27%||true|false&#8220; global_colors_info=&#8220;{}&#8220;][\/et_pb_divider][\/et_pb_column][et_pb_column type=&#8220;1_2&#8243; _builder_version=&#8220;4.27.4&#8243; _module_preset=&#8220;default&#8220; global_colors_info=&#8220;{}&#8220;][et_pb_text _builder_version=&#8220;4.27.4&#8243; _module_preset=&#8220;default&#8220; global_colors_info=&#8220;{}&#8220;]<\/p>\n<p><strong>Die Reinraumnebelger\u00e4te der AFM-NEO-Serie von Sistema<\/strong>, bestehend aus AFM40-DUAL | AFM35-NEO | AFM24-NEO | AFM CUBE, verwenden einzigartige und f\u00fcr diesen speziellen Zweck entwickelte, hochleistungsf\u00e4hige piezoelektrische Module aus Edelstahl, um bis zu 6,4 m3\/min &#8230; 226 cft\/min mit einer maximalen Nebeldichte von 866 ml\/min zu erzeugen, um eine visualisierte Reichweite von bis zu 10 m zu erzielen (AFM40-DUAL Leistungsdaten). Dies erm\u00f6glicht jede Art von kontaminationsfreien \u201eStr\u00f6mungsstudien\u201c und Luftstromkartierungsstudien in Reinr\u00e4umen, Sterilr\u00e4umen, medizinischen Operationss\u00e4len, ISO-Suiten usw., von klein- bis grossfl\u00e4chig.   <strong>Alle Ger\u00e4te der AFM-NEO-Serie von Sistema werden mit DI-Wasser oder WFI-Wasser als einzigem Medium betrieben.<\/strong><\/p>\n<p>[\/et_pb_text][et_pb_blurb title=&#8220;Brosch\u00fcre&#8220; use_icon=&#8220;on&#8220; font_icon=&#8220;&#xf1c1;||fa||400&#8243; icon_color=&#8220;#CE0000&#8243; module_class=&#8220;lkc-inline&#8220; _builder_version=&#8220;4.27.4&#8243; _module_preset=&#8220;default&#8220; text_orientation=&#8220;center&#8220; custom_margin=&#8220;|20px|0px||false|false&#8220; link_option_url=&#8220;https:\/\/sistema-group.de\/wp-content\/uploads\/2025\/10\/Sistema-AFM-NEO-series_CLEANROOM-FOGGERS-I-AIRFLOW-MAPPERS_brochure-01.2024.pdf&#8220; link_option_url_new_window=&#8220;on&#8220; global_colors_info=&#8220;{}&#8220;][\/et_pb_blurb][et_pb_blurb title=&#8220;Anfrage&#8220; use_icon=&#8220;on&#8220; font_icon=&#8220;&#xf1c3;||fa||400&#8243; icon_color=&#8220;#468c01&#8243; module_class=&#8220;lkc-inline&#8220; _builder_version=&#8220;4.27.4&#8243; _module_preset=&#8220;default&#8220; text_orientation=&#8220;center&#8220; custom_margin=&#8220;||0px||false|false&#8220; link_option_url=&#8220;https:\/\/sistema-group.de\/wp-content\/uploads\/2025\/10\/AFM-CUBE-I-NEO-I-DUAL_Vorlage-fur-Anfrageliste_safe.xlsx&#8220; link_option_url_new_window=&#8220;on&#8220; locked=&#8220;off&#8220; global_colors_info=&#8220;{}&#8220;][\/et_pb_blurb][et_pb_code _builder_version=&#8220;4.27.4&#8243; _module_preset=&#8220;default&#8220; global_colors_info=&#8220;{}&#8220;]<\/p>\n<style><!-- [et_pb_line_break_holder] -->@media only screen and (min-width: 1600px) {<!-- [et_pb_line_break_holder] -->.lkc-inline {<!-- [et_pb_line_break_holder] -->  display: inline-block;<!-- [et_pb_line_break_holder] -->  vertical-align: middle;<!-- [et_pb_line_break_holder] -->}<!-- [et_pb_line_break_holder] -->}<!-- [et_pb_line_break_holder] --><\/style>\n<p>[\/et_pb_code][et_pb_text _builder_version=&#8220;4.27.4&#8243; _module_preset=&#8220;default&#8220; custom_margin=&#8220;20px||20px||true|false&#8220; global_colors_info=&#8220;{}&#8220;]<strong>Gehen Sie das <span style=\"color: #468c01;\">Anfrageformular<\/span> durch, w\u00e4hlen Sie Produkte aus und speichern Sie die Datei.<\/strong>[\/et_pb_text][et_pb_button button_text=&#8220;Kontakt mit Dateiupload&#8220; _builder_version=&#8220;4.27.4&#8243; _module_preset=&#8220;default&#8220; custom_button=&#8220;on&#8220; button_text_color=&#8220;#FFFFFF&#8220; button_use_icon=&#8220;off&#8220; dsm_modules_popup=&#8220;on&#8220; dsm_modules_popup_library=&#8220;245670&#8243; dsm_modules_overlay_background=&#8220;rgba(255,255,255,0.87)&#8220; global_colors_info=&#8220;{}&#8220;][\/et_pb_button][\/et_pb_column][\/et_pb_row][et_pb_row column_structure=&#8220;1_3,1_3,1_3&#8243; _builder_version=&#8220;4.27.4&#8243; _module_preset=&#8220;default&#8220; locked=&#8220;off&#8220; global_colors_info=&#8220;{}&#8220;][et_pb_column type=&#8220;1_3&#8243; _builder_version=&#8220;4.27.4&#8243; _module_preset=&#8220;default&#8220; global_colors_info=&#8220;{}&#8220;][et_pb_video src=&#8220;https:\/\/sistema-group.de\/wp-content\/uploads\/2025\/08\/AFM-AFM35-NEO_video-1.mp4&#8243; image_src=&#8220;https:\/\/sistema-group.de\/wp-content\/uploads\/2025\/10\/AFM35-NEO-thumbnail.jpg&#8220; _builder_version=&#8220;4.27.4&#8243; _module_preset=&#8220;default&#8220; global_colors_info=&#8220;{}&#8220;][\/et_pb_video][\/et_pb_column][et_pb_column type=&#8220;1_3&#8243; _builder_version=&#8220;4.27.4&#8243; _module_preset=&#8220;default&#8220; global_colors_info=&#8220;{}&#8220;][\/et_pb_column][et_pb_column type=&#8220;1_3&#8243; _builder_version=&#8220;4.27.4&#8243; _module_preset=&#8220;default&#8220; global_colors_info=&#8220;{}&#8220;][\/et_pb_column][\/et_pb_row][\/et_pb_section]<\/p>\n","protected":false},"excerpt":{"rendered":"<p>AFM-NEO | DUAL | CUBE SERIE Die Reinraum-Nebelger\u00e4teserie AFM-NEO von Sistema \u2014 einschlie\u00dflich des AFM CUBE, AFM24-NEO, AFM35-NEO, AFM40-DUAL \u2014 verwendet leistungsstarke, speziell entwickelte piezoelektrische Module aus Edelstahl, die speziell f\u00fcr Reinraumanwendungen entwickelt wurden.Alle Modelle der AFM-NEO-Serie sind ausschlie\u00dflich f\u00fcr den Betrieb mit entionisiertem (DI-)Wasser oder Wasser f\u00fcr Injektionszwecke (WFI) als einzigem Fluidmedium konzipiert, um die Einhaltung von Reinraumstandards zu gew\u00e4hrleisten und die Erzeugung von ultrareinem Nebel f\u00fcr kritische Umgebungen zu unterst\u00fctzen. <div class=\"et_pb_module dsm_breadcrumbs dsm_breadcrumbs_0\">\n\t\t\t\t\n\t\t\t\t\n\t\t\t\t\n\t\t\t\t\n\t\t\t\t\n\t\t\t\t\n\t\t\t\t<div class=\"et_pb_module_inner\">\n\t\t\t\t\t<nav class=\"dsm_breadcrumbs_wrap\">\n\t\t\t\t<ul class=\"dsm_breadcrumbs\" itemscope itemtype=\"https:\/\/schema.org\/BreadcrumbList\">\t\t\t<li class=\"dsm_breadcrumbs_item dsm_home_item dsm_home_item_custom\" itemprop=\"itemListElement\" itemscope\n\t\t\titemtype=\"https:\/\/schema.org\/ListItem\">\n\t\t\t\t<a href=\"https:\/\/sistema-group.de\/de\/\" itemprop=\"item\" target=\"\">\n\t\t\t\t\t<span class='dsm_home_text_wrapper'>\n\t\t\t\t\t\t\t\t\t\t\t\t\t<span class=\"et-pb-icon dsm_home_icon\">\ue009<\/span>\n\t\t\t\t\t\t\t\t\t\t\t\t\t<span class=\"dsm_home_text\" itemprop=\"name\">\n\t\t\t\t\t\t\t\tHome\t\t\t\t\t\t\t<\/span>\n\t\t\t\t\t<\/span>\n\t\t\t\t<\/a>\n\t\t\t\t<meta itemprop=\"position\" content=\"1\" \/>\n\t\t\t<\/li>\n\n\t\t<li class=\"dsm_breadcrumbs_separator\"> <span class=\"et-pb-icon dsm_separator_icon\">5<\/span><\/li><\/ul>\n\t\t\t<\/nav>\n\t\t\t\t<\/div>\n\t\t\t<\/div>Die Reinraumnebelger\u00e4te der AFM-NEO-Serie von Sistema, bestehend aus AFM40-DUAL | AFM35-NEO | AFM24-NEO | AFM CUBE, verwenden einzigartige und f\u00fcr diesen speziellen Zweck entwickelte, hochleistungsf\u00e4hige piezoelektrische Module aus Edelstahl, um bis zu 6,4 m3\/min &#8230; 226 cft\/min mit einer maximalen Nebeldichte von 866 ml\/min zu erzeugen, um eine visualisierte Reichweite von bis zu 10 m zu erzielen (AFM40-DUAL Leistungsdaten). Dies erm\u00f6glicht jede Art von kontaminationsfreien \u201eStr\u00f6mungsstudien\u201c und Luftstromkartierungsstudien in Reinr\u00e4umen, Sterilr\u00e4umen, medizinischen Operationss\u00e4len, ISO-Suiten usw., von klein- bis grossfl\u00e4chig. Alle Ger\u00e4te der AFM-NEO-Serie von Sistema werden mit DI-Wasser oder WFI-Wasser als einzigem Medium betrieben.Gehen Sie das Anfrageformular durch, w\u00e4hlen Sie Produkte aus und speichern Sie die Datei.<\/p>\n","protected":false},"author":1,"featured_media":0,"parent":246213,"menu_order":0,"comment_status":"closed","ping_status":"closed","template":"","meta":{"_et_pb_use_builder":"on","_et_pb_old_content":"","_et_gb_content_width":"","footnotes":""},"class_list":["post-246233","page","type-page","status-publish","hentry"],"yoast_head":"<!-- This site is optimized with the Yoast SEO plugin v27.5 - https:\/\/yoast.com\/product\/yoast-seo-wordpress\/ -->\n<title>Sistema-MK | Reinraum-Messl\u00f6sungen \u2013 AFM-NEO | DUAL | CUBE SERIE<\/title>\n<meta name=\"description\" content=\"Alle Modelle der AFM-NEO-Serie sind ausschlie\u00dflich f\u00fcr den Betrieb mit entionisiertem (DI-)Wasser oder Wasser f\u00fcr Injektionszwecke (WFI) als einzigem Fluidmedium konzipiert, um die Einhaltung von Reinraumstandards zu gew\u00e4hrleisten und die Erzeugung von ultrareinem Nebel f\u00fcr kritische Umgebungen zu unterst\u00fctzen.\" \/>\n<meta name=\"robots\" content=\"index, follow, max-snippet:-1, max-image-preview:large, max-video-preview:-1\" \/>\n<link rel=\"canonical\" href=\"https:\/\/sistema-group.de\/de\/luftstrom-mapping-systeme\/afm-neo-dual-cube-serie\/\" \/>\n<meta property=\"og:locale\" content=\"de_DE\" \/>\n<meta property=\"og:type\" content=\"article\" \/>\n<meta property=\"og:title\" content=\"Sistema-MK | Reinraum-Messl\u00f6sungen \u2013 AFM-NEO | DUAL | CUBE SERIE\" \/>\n<meta property=\"og:description\" content=\"Alle Modelle der AFM-NEO-Serie sind ausschlie\u00dflich f\u00fcr den Betrieb mit entionisiertem (DI-)Wasser oder Wasser f\u00fcr Injektionszwecke (WFI) als einzigem Fluidmedium konzipiert, um die Einhaltung von Reinraumstandards zu gew\u00e4hrleisten und die Erzeugung von ultrareinem Nebel f\u00fcr kritische Umgebungen zu unterst\u00fctzen.\" \/>\n<meta property=\"og:url\" content=\"https:\/\/sistema-group.de\/de\/luftstrom-mapping-systeme\/afm-neo-dual-cube-serie\/\" \/>\n<meta property=\"og:site_name\" content=\"Sistema-MK\" \/>\n<meta property=\"article:modified_time\" content=\"2026-02-10T10:22:02+00:00\" \/>\n<meta name=\"twitter:card\" content=\"summary_large_image\" \/>\n<meta name=\"twitter:label1\" content=\"Gesch\u00e4tzte Lesezeit\" \/>\n\t<meta name=\"twitter:data1\" content=\"5\u00a0Minuten\" \/>\n<script type=\"application\/ld+json\" class=\"yoast-schema-graph\">{\"@context\":\"https:\\\/\\\/schema.org\",\"@graph\":[{\"@type\":\"WebPage\",\"@id\":\"https:\\\/\\\/sistema-group.de\\\/de\\\/luftstrom-mapping-systeme\\\/afm-neo-dual-cube-serie\\\/\",\"url\":\"https:\\\/\\\/sistema-group.de\\\/de\\\/luftstrom-mapping-systeme\\\/afm-neo-dual-cube-serie\\\/\",\"name\":\"Sistema-MK | Reinraum-Messl\u00f6sungen \u2013 AFM-NEO | DUAL | CUBE SERIE\",\"isPartOf\":{\"@id\":\"https:\\\/\\\/sistema-group.de\\\/de\\\/#website\"},\"datePublished\":\"2025-09-15T15:46:07+00:00\",\"dateModified\":\"2026-02-10T10:22:02+00:00\",\"description\":\"Alle Modelle der AFM-NEO-Serie sind ausschlie\u00dflich f\u00fcr den Betrieb mit entionisiertem (DI-)Wasser oder Wasser f\u00fcr Injektionszwecke (WFI) als einzigem Fluidmedium konzipiert, um die Einhaltung von Reinraumstandards zu gew\u00e4hrleisten und die Erzeugung von ultrareinem Nebel f\u00fcr kritische Umgebungen zu unterst\u00fctzen.\",\"breadcrumb\":{\"@id\":\"https:\\\/\\\/sistema-group.de\\\/de\\\/luftstrom-mapping-systeme\\\/afm-neo-dual-cube-serie\\\/#breadcrumb\"},\"inLanguage\":\"de\",\"potentialAction\":[{\"@type\":\"ReadAction\",\"target\":[\"https:\\\/\\\/sistema-group.de\\\/de\\\/luftstrom-mapping-systeme\\\/afm-neo-dual-cube-serie\\\/\"]}]},{\"@type\":\"BreadcrumbList\",\"@id\":\"https:\\\/\\\/sistema-group.de\\\/de\\\/luftstrom-mapping-systeme\\\/afm-neo-dual-cube-serie\\\/#breadcrumb\",\"itemListElement\":[{\"@type\":\"ListItem\",\"position\":1,\"name\":\"Startseite\",\"item\":\"https:\\\/\\\/sistema-group.de\\\/de\\\/startseite\\\/\"},{\"@type\":\"ListItem\",\"position\":2,\"name\":\"LUFTSTROM-MAPPING-SYSTEME\",\"item\":\"https:\\\/\\\/sistema-group.de\\\/de\\\/luftstrom-mapping-systeme\\\/\"},{\"@type\":\"ListItem\",\"position\":3,\"name\":\"AFM-NEO | DUAL | CUBE SERIE\"}]},{\"@type\":\"WebSite\",\"@id\":\"https:\\\/\\\/sistema-group.de\\\/de\\\/#website\",\"url\":\"https:\\\/\\\/sistema-group.de\\\/de\\\/\",\"name\":\"Sistema-MK\",\"description\":\"Innovative Systems for Cleanroom Airflow Visualization &amp; Particle Measurement\",\"potentialAction\":[{\"@type\":\"SearchAction\",\"target\":{\"@type\":\"EntryPoint\",\"urlTemplate\":\"https:\\\/\\\/sistema-group.de\\\/de\\\/?s={search_term_string}\"},\"query-input\":{\"@type\":\"PropertyValueSpecification\",\"valueRequired\":true,\"valueName\":\"search_term_string\"}}],\"inLanguage\":\"de\"}]}<\/script>\n<!-- \/ Yoast SEO plugin. -->","yoast_head_json":{"title":"Sistema-MK | Reinraum-Messl\u00f6sungen \u2013 AFM-NEO | DUAL | CUBE SERIE","description":"Alle Modelle der AFM-NEO-Serie sind ausschlie\u00dflich f\u00fcr den Betrieb mit entionisiertem (DI-)Wasser oder Wasser f\u00fcr Injektionszwecke (WFI) als einzigem Fluidmedium konzipiert, um die Einhaltung von Reinraumstandards zu gew\u00e4hrleisten und die Erzeugung von ultrareinem Nebel f\u00fcr kritische Umgebungen zu unterst\u00fctzen.","robots":{"index":"index","follow":"follow","max-snippet":"max-snippet:-1","max-image-preview":"max-image-preview:large","max-video-preview":"max-video-preview:-1"},"canonical":"https:\/\/sistema-group.de\/de\/luftstrom-mapping-systeme\/afm-neo-dual-cube-serie\/","og_locale":"de_DE","og_type":"article","og_title":"Sistema-MK | Reinraum-Messl\u00f6sungen \u2013 AFM-NEO | DUAL | CUBE SERIE","og_description":"Alle Modelle der AFM-NEO-Serie sind ausschlie\u00dflich f\u00fcr den Betrieb mit entionisiertem (DI-)Wasser oder Wasser f\u00fcr Injektionszwecke (WFI) als einzigem Fluidmedium konzipiert, um die Einhaltung von Reinraumstandards zu gew\u00e4hrleisten und die Erzeugung von ultrareinem Nebel f\u00fcr kritische Umgebungen zu unterst\u00fctzen.","og_url":"https:\/\/sistema-group.de\/de\/luftstrom-mapping-systeme\/afm-neo-dual-cube-serie\/","og_site_name":"Sistema-MK","article_modified_time":"2026-02-10T10:22:02+00:00","twitter_card":"summary_large_image","twitter_misc":{"Gesch\u00e4tzte Lesezeit":"5\u00a0Minuten"},"schema":{"@context":"https:\/\/schema.org","@graph":[{"@type":"WebPage","@id":"https:\/\/sistema-group.de\/de\/luftstrom-mapping-systeme\/afm-neo-dual-cube-serie\/","url":"https:\/\/sistema-group.de\/de\/luftstrom-mapping-systeme\/afm-neo-dual-cube-serie\/","name":"Sistema-MK | Reinraum-Messl\u00f6sungen \u2013 AFM-NEO | DUAL | CUBE SERIE","isPartOf":{"@id":"https:\/\/sistema-group.de\/de\/#website"},"datePublished":"2025-09-15T15:46:07+00:00","dateModified":"2026-02-10T10:22:02+00:00","description":"Alle Modelle der AFM-NEO-Serie sind ausschlie\u00dflich f\u00fcr den Betrieb mit entionisiertem (DI-)Wasser oder Wasser f\u00fcr Injektionszwecke (WFI) als einzigem Fluidmedium konzipiert, um die Einhaltung von Reinraumstandards zu gew\u00e4hrleisten und die Erzeugung von ultrareinem Nebel f\u00fcr kritische Umgebungen zu unterst\u00fctzen.","breadcrumb":{"@id":"https:\/\/sistema-group.de\/de\/luftstrom-mapping-systeme\/afm-neo-dual-cube-serie\/#breadcrumb"},"inLanguage":"de","potentialAction":[{"@type":"ReadAction","target":["https:\/\/sistema-group.de\/de\/luftstrom-mapping-systeme\/afm-neo-dual-cube-serie\/"]}]},{"@type":"BreadcrumbList","@id":"https:\/\/sistema-group.de\/de\/luftstrom-mapping-systeme\/afm-neo-dual-cube-serie\/#breadcrumb","itemListElement":[{"@type":"ListItem","position":1,"name":"Startseite","item":"https:\/\/sistema-group.de\/de\/startseite\/"},{"@type":"ListItem","position":2,"name":"LUFTSTROM-MAPPING-SYSTEME","item":"https:\/\/sistema-group.de\/de\/luftstrom-mapping-systeme\/"},{"@type":"ListItem","position":3,"name":"AFM-NEO | DUAL | CUBE SERIE"}]},{"@type":"WebSite","@id":"https:\/\/sistema-group.de\/de\/#website","url":"https:\/\/sistema-group.de\/de\/","name":"Sistema-MK","description":"Innovative Systems for Cleanroom Airflow Visualization &amp; Particle Measurement","potentialAction":[{"@type":"SearchAction","target":{"@type":"EntryPoint","urlTemplate":"https:\/\/sistema-group.de\/de\/?s={search_term_string}"},"query-input":{"@type":"PropertyValueSpecification","valueRequired":true,"valueName":"search_term_string"}}],"inLanguage":"de"}]}},"_links":{"self":[{"href":"https:\/\/sistema-group.de\/de\/wp-json\/wp\/v2\/pages\/246233","targetHints":{"allow":["GET"]}}],"collection":[{"href":"https:\/\/sistema-group.de\/de\/wp-json\/wp\/v2\/pages"}],"about":[{"href":"https:\/\/sistema-group.de\/de\/wp-json\/wp\/v2\/types\/page"}],"author":[{"embeddable":true,"href":"https:\/\/sistema-group.de\/de\/wp-json\/wp\/v2\/users\/1"}],"replies":[{"embeddable":true,"href":"https:\/\/sistema-group.de\/de\/wp-json\/wp\/v2\/comments?post=246233"}],"version-history":[{"count":7,"href":"https:\/\/sistema-group.de\/de\/wp-json\/wp\/v2\/pages\/246233\/revisions"}],"predecessor-version":[{"id":246440,"href":"https:\/\/sistema-group.de\/de\/wp-json\/wp\/v2\/pages\/246233\/revisions\/246440"}],"up":[{"embeddable":true,"href":"https:\/\/sistema-group.de\/de\/wp-json\/wp\/v2\/pages\/246213"}],"wp:attachment":[{"href":"https:\/\/sistema-group.de\/de\/wp-json\/wp\/v2\/media?parent=246233"}],"curies":[{"name":"wp","href":"https:\/\/api.w.org\/{rel}","templated":true}]}}