{"id":246237,"date":"2025-07-04T17:01:50","date_gmt":"2025-07-04T15:01:50","guid":{"rendered":"https:\/\/sistema-group.de\/systeme-zur-zaehlung-von-oberflaechenpartikeln\/"},"modified":"2025-11-12T13:57:21","modified_gmt":"2025-11-12T12:57:21","slug":"systeme-zur-zaehlung-von-oberflaechenpartikeln","status":"publish","type":"page","link":"https:\/\/sistema-group.de\/de\/systeme-zur-zaehlung-von-oberflaechenpartikeln\/","title":{"rendered":"SYSTEME ZUR Z\u00c4HLUNG VON OBERFL\u00c4CHENPARTIKELN"},"content":{"rendered":"\n[et_pb_section fb_built=&#8220;1&#8243; custom_padding_last_edited=&#8220;on|phone&#8220; admin_label=&#8220;Hero&#8220; _builder_version=&#8220;4.27.4&#8243; use_background_color_gradient=&#8220;on&#8220; background_color_gradient_stops=&#8220;#026fb0 26%|#0386cc 100%&#8220; background_color_gradient_start=&#8220;#001b56&#8243; background_color_gradient_start_position=&#8220;28%&#8220; background_color_gradient_end=&#8220;#0e4de3&#8243; background_image=&#8220;https:\/\/sistema-group.de\/wp-content\/uploads\/2025\/06\/robotics-05-1.png&#8220; background_size=&#8220;initial&#8220; background_position=&#8220;bottom_right&#8220; min_height=&#8220;70vh&#8220; min_height_tablet=&#8220;1300px&#8220; min_height_phone=&#8220;1100px&#8220; min_height_last_edited=&#8220;on|phone&#8220; custom_margin=&#8220;|3vw|||false|false&#8220; custom_margin_tablet=&#8220;|0%|||false|false&#8220; custom_margin_phone=&#8220;|0%|||false|false&#8220; custom_margin_last_edited=&#8220;on|tablet&#8220; custom_padding=&#8220;10vw||6vw|10vw|false|false&#8220; custom_padding_tablet=&#8220;|10vw||10vw|false|true&#8220; custom_padding_phone=&#8220;30vw||||false|true&#8220; locked=&#8220;off&#8220; global_colors_info=&#8220;{}&#8220;][et_pb_row column_structure=&#8220;1_3,2_3&#8243; _builder_version=&#8220;4.27.4&#8243; width=&#8220;100%&#8220; max_width=&#8220;1600px&#8220; global_colors_info=&#8220;{}&#8220;][et_pb_column type=&#8220;1_3&#8243; _builder_version=&#8220;4.16&#8243; global_colors_info=&#8220;{}&#8220;][et_pb_image src=&#8220;https:\/\/sistema-group.de\/wp-content\/uploads\/2025\/09\/Solair_3100_with_wand-_Right-with-hand-clean.png&#8220; alt=&#8220;Solair 3100 mit Stab Rechts mit sauberer Hand&#8220; title_text=&#8220;Solair 3100 mit Stab Rechts mit sauberer Hand&#8220; align=&#8220;center&#8220; _builder_version=&#8220;4.27.4&#8243; width=&#8220;120%&#8220; width_tablet=&#8220;100%&#8220; width_phone=&#8220;100%&#8220; width_last_edited=&#8220;on|phone&#8220; module_alignment=&#8220;center&#8220; animation_style=&#8220;zoom&#8220; animation_duration=&#8220;2000ms&#8220; scroll_vertical_motion=&#8220;0|69|69|100|2|0|-2&#8243; scroll_vertical_motion_tablet=&#8220;0|79|79|100|2|0|-2&#8243; scroll_vertical_motion_phone=&#8220;0|86|86|100|2|0|-2&#8243; scroll_vertical_motion_last_edited=&#8220;on|phone&#8220; border_radii=&#8220;on|100px|100px|100px|100px&#8220; global_colors_info=&#8220;{}&#8220;][\/et_pb_image][\/et_pb_column][et_pb_column type=&#8220;2_3&#8243; _builder_version=&#8220;4.27.4&#8243; custom_padding=&#8220;|||10px|false|false&#8220; global_colors_info=&#8220;{}&#8220;][et_pb_text _builder_version=&#8220;4.27.4&#8243; _module_preset=&#8220;default&#8220; text_font=&#8220;||||||||&#8220; text_font_size=&#8220;18px&#8220; text_line_height=&#8220;1.8em&#8220; background_layout=&#8220;dark&#8220; max_width=&#8220;600px&#8220; module_alignment=&#8220;left&#8220; text_font_size_tablet=&#8220;15px&#8220; text_font_size_phone=&#8220;14px&#8220; text_font_size_last_edited=&#8220;on|phone&#8220; module_alignment_tablet=&#8220;center&#8220; module_alignment_phone=&#8220;center&#8220; module_alignment_last_edited=&#8220;on|phone&#8220; locked=&#8220;off&#8220; global_colors_info=&#8220;{}&#8220;]<h1>OBERFL\u00c4CHEN-ABTASTSONDEN<\/h1>\n<p>Die Oberfl\u00e4chenabtastsonden von Sistema-MK bieten entscheidende Vorteile, darunter deutsche Ingenieurskunst mit robustem Design, hoher Pr\u00e4zision und langer Lebensdauer. Sie erm\u00f6glichen eine nahtlose Integration mit weit verbreiteten Partikelz\u00e4hlern wie Lighthouse Solair und TSI Aerotrak und verbessern gleichzeitig die Reinraumqualit\u00e4t, indem sie eine standardisierte \u00dcberpr\u00fcfung der Oberfl\u00e4chensauberkeit erm\u00f6glichen, die die Luft\u00fcberwachung erg\u00e4nzt. Mit einer globalen Reichweite, die Halbleiter-Reinr\u00e4ume weltweit unterst\u00fctzt, geben diese Sonden den Betreibern die Gewissheit, die strengen Anforderungen an die Kontaminationskontrolle in der fortschrittlichen Halbleiterfertigung zu erf\u00fcllen.<\/p>[\/et_pb_text][\/et_pb_column][\/et_pb_row][\/et_pb_section][et_pb_section fb_built=&#8220;1&#8243; _builder_version=&#8220;4.27.4&#8243; _module_preset=&#8220;default&#8220; custom_padding=&#8220;0px||||false|false&#8220; locked=&#8220;off&#8220; global_colors_info=&#8220;{}&#8220;][et_pb_row _builder_version=&#8220;4.27.4&#8243; _module_preset=&#8220;default&#8220; global_colors_info=&#8220;{}&#8220;][et_pb_column type=&#8220;4_4&#8243; _builder_version=&#8220;4.27.4&#8243; _module_preset=&#8220;default&#8220; global_colors_info=&#8220;{}&#8220;][dsm_breadcrumbs _builder_version=&#8220;4.27.4&#8243; _module_preset=&#8220;default&#8220; items_text_color=&#8220;#636363&#8243; home_icon_text_color=&#8220;#026FB0&#8243; current_text_color=&#8220;#026FB0&#8243; items_font_size_tablet=&#8220;&#8220; items_font_size_phone=&#8220;12px&#8220; items_font_size_last_edited=&#8220;on|phone&#8220; current_font_size_tablet=&#8220;&#8220; current_font_size_phone=&#8220;12px&#8220; current_font_size_last_edited=&#8220;on|phone&#8220; locked=&#8220;off&#8220; global_colors_info=&#8220;{}&#8220;][\/dsm_breadcrumbs][\/et_pb_column][\/et_pb_row][et_pb_row column_structure=&#8220;1_2,1_2&#8243; _builder_version=&#8220;4.27.4&#8243; _module_preset=&#8220;default&#8220; global_colors_info=&#8220;{}&#8220;][et_pb_column type=&#8220;1_2&#8243; _builder_version=&#8220;4.27.4&#8243; _module_preset=&#8220;default&#8220; global_colors_info=&#8220;{}&#8220;][et_pb_image src=&#8220;https:\/\/sistema-group.de\/wp-content\/uploads\/2025\/09\/Surface-Cleanliness-Scanning-probes_2-small.jpg&#8220; alt=&#8220;Oberfl\u00e4chen-Sauberkeits-Abtastsonden 2 klein&#8220; title_text=&#8220;Oberfl\u00e4chen-Sauberkeits-Abtastsonden 2 klein&#8220; _builder_version=&#8220;4.27.4&#8243; _module_preset=&#8220;default&#8220; global_colors_info=&#8220;{}&#8220;][\/et_pb_image][\/et_pb_column][et_pb_column type=&#8220;1_2&#8243; _builder_version=&#8220;4.27.4&#8243; _module_preset=&#8220;default&#8220; global_colors_info=&#8220;{}&#8220;][et_pb_text _builder_version=&#8220;4.27.4&#8243; _module_preset=&#8220;default&#8220; global_colors_info=&#8220;{}&#8220;]<h3>SISTEMA-OBERFL\u00c4CHEN-ABTASTSONDEN IN KOMBINATION MIT OPTISCHEN PARTIKELZ\u00c4HLERN<\/h3>\n<p>In der Halbleiterindustrie, wo selbst mikroskopisch kleine Partikel die Ausbeute beeintr\u00e4chtigen k\u00f6nnen, ist die Erkennung und Messung von Oberfl\u00e4chenverunreinigungen von entscheidender Bedeutung. Die Sonden von Sistema-MK erweitern die F\u00e4higkeiten etablierter luftgetragener Partikelz\u00e4hlsysteme und verwandeln sie in umfassende Werkzeuge f\u00fcr die \u00dcberwachung der Oberfl\u00e4chensauberkeit in Produktionsst\u00e4tten.<\/p>\n<p>Diese in Deutschland entwickelten und gefertigten Oberfl\u00e4chenabtastsonden bieten au\u00dfergew\u00f6hnliche Zuverl\u00e4ssigkeit und Genauigkeit. Speziell f\u00fcr die Kompatibilit\u00e4t mit f\u00fchrenden optischen Partikelz\u00e4hlern wie Lighthouse Solair und TSI Aerotrak entwickelt, erm\u00f6glichen sie pr\u00e4zise Bewertungen kritischer Oberfl\u00e4chen in Reinraumumgebungen.<\/p>\n<p>Mit robuster Konstruktion, hoher Pr\u00e4zision und langer Lebensdauer verbinden die Sonden von Sistema-MK deutsche Ingenieurskunst mit nahtloser Integration in bestehende \u00dcberwachungssysteme. Durch die Bereitstellung einer standardisierten \u00dcberpr\u00fcfung der Oberfl\u00e4chensauberkeit neben der Luft\u00fcberwachung verbessern sie die Reinraumqualit\u00e4t und helfen Halbleiterherstellern weltweit, die strengsten Standards f\u00fcr die Kontaminationskontrolle zu erf\u00fcllen.<\/p>[\/et_pb_text][et_pb_blurb title=&#8220;Brosch\u00fcre&#8220; use_icon=&#8220;on&#8220; font_icon=&#8220;&#xf1c1;||fa||400&#8243; icon_color=&#8220;#CE0000&#8243; module_class=&#8220;lkc-inline&#8220; _builder_version=&#8220;4.27.4&#8243; _module_preset=&#8220;default&#8220; text_orientation=&#8220;center&#8220; max_width=&#8220;100px&#8220; custom_margin=&#8220;|20px|0px||false|false&#8220; link_option_url=&#8220;https:\/\/sistema-group.de\/wp-content\/uploads\/2025\/10\/SSP-presentation.pdf&#8220; link_option_url_new_window=&#8220;on&#8220; global_colors_info=&#8220;{}&#8220;][\/et_pb_blurb][et_pb_button button_text=&#8220;Kontakt \/ Anfrage&#8220; _builder_version=&#8220;4.27.4&#8243; _module_preset=&#8220;default&#8220; custom_button=&#8220;on&#8220; button_text_color=&#8220;#FFFFFF&#8220; button_use_icon=&#8220;off&#8220; dsm_modules_popup=&#8220;on&#8220; dsm_modules_popup_library=&#8220;245670&#8243; dsm_modules_overlay_background=&#8220;rgba(255,255,255,0.87)&#8220; global_colors_info=&#8220;{}&#8220;][\/et_pb_button][\/et_pb_column][\/et_pb_row][et_pb_row _builder_version=&#8220;4.27.4&#8243; _module_preset=&#8220;default&#8220; global_colors_info=&#8220;{}&#8220;][et_pb_column type=&#8220;4_4&#8243; _builder_version=&#8220;4.27.4&#8243; _module_preset=&#8220;default&#8220; global_colors_info=&#8220;{}&#8220;][et_pb_text _builder_version=&#8220;4.27.4&#8243; _module_preset=&#8220;default&#8220; hover_enabled=&#8220;0&#8243; global_colors_info=&#8220;{}&#8220; sticky_enabled=&#8220;0&#8243;]<h2>Verst\u00e4rkung der Kontaminationskontrolle in der Halbleiterfertigung<\/h2>\n<p>In der Halbleiterproduktion h\u00e4ngt die Ausbeute von der unerbittlichen Kontrolle mikroskopisch kleiner Partikel ab. Selbst Submikron-Kontaminationen auf Wafern, Werkzeugen oder Substraten k\u00f6nnen Prozesse st\u00f6ren, die Zuverl\u00e4ssigkeit der Bauelemente verringern und die Ausbringung beeintr\u00e4chtigen. Reinr\u00e4ume sind so konzipiert, dass sie luftgetragene Partikel minimieren, und optische Partikelz\u00e4hler werden in gro\u00dfem Umfang eingesetzt, um die Luftreinheit gem\u00e4\u00df internationalen Standards wie ISO 14644-1 zu messen. Die reine Luft\u00fcberwachung allein erz\u00e4hlt jedoch nicht die ganze Geschichte. Partikel, die der Erkennung entgehen, setzen sich oft auf kritischen Oberfl\u00e4chen ab und stellen versteckte Risiken dar, die nur durch eine direkte Oberfl\u00e4chenbewertung identifiziert werden k\u00f6nnen.<\/p>\n<h3><strong>\u00dcberbr\u00fcckung der L\u00fccke: Oberfl\u00e4chenabtastsonden, die nahtlos mit weit verbreiteten optischen Partikelz\u00e4hlern zusammenarbeiten<\/strong><\/h3>\n<p>Sistema Surface Scanning Probes (SSP) schlie\u00dfen diese \u00dcberwachungsl\u00fccke, indem sie die F\u00e4higkeiten bestehender luftgetragener Partikelz\u00e4hler erweitern. Durch die nahtlose Kopplung mit weit verbreiteten optischen Partikelz\u00e4hlern verwandeln SSPs diese Instrumente in Mehrzweckwerkzeuge, die sowohl zur Analyse von Luft- als auch von Oberfl\u00e4chenverunreinigungen geeignet sind. Diese Integration erm\u00f6glicht es den Fabriken, ihre bestehende \u00dcberwachungsinfrastruktur zu nutzen und gleichzeitig eine v\u00f6llig neue Dimension der Kontaminationssicherheit hinzuzuf\u00fcgen.<\/p>\n<p>Sistema Surface Scanning Probes (SSP) arbeiten, indem sie Partikel von einer Oberfl\u00e4che unter kontrollierten Bedingungen in den optischen Z\u00e4hler ziehen, wodurch quantifizierbare und wiederholbare Bewertungen der Oberfl\u00e4chensauberkeit erm\u00f6glicht werden. Dieser Ansatz erg\u00e4nzt die luftgetragenen Daten und erzeugt ein vollst\u00e4ndigeres Kontaminationsprofil \u00fcber kritische Umgebungen hinweg.<\/p>\n<h3><strong>Technische Pr\u00e4zision und Zuverl\u00e4ssigkeit<\/strong><\/h3>\n<p>Die in Deutschland hergestellten Sistema SSPs verk\u00f6rpern technische Pr\u00e4zision und Haltbarkeit. Ihre robuste Konstruktion gew\u00e4hrleistet die Kompatibilit\u00e4t mit anspruchsvollen Reinraumumgebungen, w\u00e4hrend hohe Empfindlichkeit und lange Lebensdauer im Laufe der Zeit konsistente Ergebnisse liefern. Sie wurden speziell f\u00fcr die nahtlose Integration entwickelt und passen problemlos in bestehende Arbeitsabl\u00e4ufe, ohne dass neue Schulungsprogramme oder separate Datensysteme erforderlich sind.<\/p>\n<p>Durch die Ausrichtung auf ISO 14644-9, die Methoden zur Bewertung der Oberfl\u00e4chensauberkeit beschreibt, liefern SSPs standardisierte Daten, die f\u00fcr Audits, Prozessqualifizierung und kontinuierliche Verbesserungsprogramme geeignet sind. Dies stellt sicher, dass die Ergebnisse nicht nur pr\u00e4zise, sondern auch r\u00fcckverfolgbar und \u00fcber Einrichtungen weltweit vergleichbar sind.<\/p>\n<h3><strong>Vorteile f\u00fcr Halbleiterhersteller<\/strong><\/h3>\n<p>Der Einsatz von SSPs bietet Halbleiterfabriken eine Reihe von Vorteilen:<\/p>\n<ul>\n<li>Umfassende Kontaminationssicherheit durch die Kombination von Luft- und Oberfl\u00e4chen\u00fcberwachung.<\/li>\n<li>Kosteng\u00fcnstige Nutzung bestehender Partikelz\u00e4hler, wodurch separate Oberfl\u00e4chenanalyseplattformen vermieden werden.<\/li>\n<li>Standardisierte, r\u00fcckverfolgbare Sauberkeitsmetriken, die eine langfristige Trendanalyse und die Einhaltung internationaler Standards erm\u00f6glichen.<\/li>\n<li>Deutsche Ingenieurskunst, die Genauigkeit, Wiederholbarkeit und Langlebigkeit auch bei h\u00e4ufigem Gebrauch gew\u00e4hrleistet.<\/li>\n<li>Globale Anwendbarkeit, da SSPs in die g\u00e4ngigsten optischen Z\u00e4hler der Branche integriert werden und Fabriken in allen Regionen unterst\u00fctzen.<\/li>\n<\/ul>\n<h3><strong>Fazit<\/strong><\/h3>\n<p>Da die Ger\u00e4tegeometrien schrumpfen und die Kontaminationsempfindlichkeit steigt, k\u00f6nnen sich Halbleiterhersteller nicht allein auf die Luft\u00fcberwachung verlassen. Sistema Surface Scanning Probes (SSP) bieten in Kombination mit Standard-Optischen Partikelz\u00e4hlern eine bew\u00e4hrte L\u00f6sung f\u00fcr diese Herausforderung. Durch die Erm\u00f6glichung einer zuverl\u00e4ssigen, standardisierten Messung der Oberfl\u00e4chensauberkeit neben der Luft\u00fcberwachung helfen SSPs Herstellern weltweit, die h\u00f6chsten Standards der Kontaminationskontrolle zu erreichen \u2013 und die Ausbeuten, die von der fortschrittlichen Halbleiterproduktion gefordert werden.<\/p>\n<h3><strong>Referenzen<\/strong><\/h3>\n<p><strong>ISO 14644-1:2015<\/strong> \u2013 Reinr\u00e4ume und zugeh\u00f6rige Reinraumbereiche \u2013 Teil 1: Klassifizierung der Luftreinheit anhand der Partikelkonzentration. Internationale Organisation f\u00fcr Normung.<\/p>\n<p><strong>ISO 14644-9:2012 <\/strong>\u2013 Reinr\u00e4ume und zugeh\u00f6rige Reinraumbereiche \u2013 Teil 9: Klassifizierung der Oberfl\u00e4chenreinheit anhand der Partikelkonzentration. Internationale Organisation f\u00fcr Normung.<\/p>[\/et_pb_text][\/et_pb_column][\/et_pb_row][\/et_pb_section]\n","protected":false},"excerpt":{"rendered":"<p>OBERFL\u00c4CHEN-ABTASTSONDEN Die Oberfl\u00e4chenabtastsonden von Sistema-MK bieten entscheidende Vorteile, darunter deutsche Ingenieurskunst mit robustem Design, hoher Pr\u00e4zision und langer Lebensdauer. Sie erm\u00f6glichen eine nahtlose Integration mit weit verbreiteten Partikelz\u00e4hlern wie Lighthouse Solair und TSI Aerotrak und verbessern gleichzeitig die Reinraumqualit\u00e4t, indem sie eine standardisierte \u00dcberpr\u00fcfung der Oberfl\u00e4chensauberkeit erm\u00f6glichen, die die Luft\u00fcberwachung erg\u00e4nzt. Mit einer globalen Reichweite, die Halbleiter-Reinr\u00e4ume weltweit unterst\u00fctzt, geben diese Sonden den Betreibern die Gewissheit, die strengen Anforderungen an die Kontaminationskontrolle in der fortschrittlichen Halbleiterfertigung zu erf\u00fcllen.<div class=\"et_pb_module dsm_breadcrumbs dsm_breadcrumbs_0\">\n\t\t\t\t\n\t\t\t\t\n\t\t\t\t\n\t\t\t\t\n\t\t\t\t\n\t\t\t\t\n\t\t\t\t<div class=\"et_pb_module_inner\">\n\t\t\t\t\t<nav class=\"dsm_breadcrumbs_wrap\">\n\t\t\t\t<ul class=\"dsm_breadcrumbs\" itemscope itemtype=\"https:\/\/schema.org\/BreadcrumbList\">\t\t\t<li class=\"dsm_breadcrumbs_item dsm_home_item dsm_home_item_custom\" itemprop=\"itemListElement\" itemscope\n\t\t\titemtype=\"https:\/\/schema.org\/ListItem\">\n\t\t\t\t<a href=\"https:\/\/sistema-group.de\/de\/\" itemprop=\"item\" target=\"\">\n\t\t\t\t\t<span class='dsm_home_text_wrapper'>\n\t\t\t\t\t\t\t\t\t\t\t\t\t<span class=\"et-pb-icon dsm_home_icon\">\ue009<\/span>\n\t\t\t\t\t\t\t\t\t\t\t\t\t<span class=\"dsm_home_text\" itemprop=\"name\">\n\t\t\t\t\t\t\t\tHome\t\t\t\t\t\t\t<\/span>\n\t\t\t\t\t<\/span>\n\t\t\t\t<\/a>\n\t\t\t\t<meta itemprop=\"position\" content=\"1\" \/>\n\t\t\t<\/li>\n\n\t\t<li class=\"dsm_breadcrumbs_separator\"> <span class=\"et-pb-icon dsm_separator_icon\">5<\/span><\/li><\/ul>\n\t\t\t<\/nav>\n\t\t\t\t<\/div>\n\t\t\t<\/div>SISTEMA-OBERFL\u00c4CHEN-ABTASTSONDEN IN KOMBINATION MIT OPTISCHEN PARTIKELZ\u00c4HLERN In der Halbleiterindustrie, wo selbst mikroskopisch kleine Partikel die Ausbeute beeintr\u00e4chtigen k\u00f6nnen, ist die Erkennung und Messung von Oberfl\u00e4chenverunreinigungen von entscheidender Bedeutung. Die Sonden von Sistema-MK erweitern die F\u00e4higkeiten etablierter luftgetragener Partikelz\u00e4hlsysteme und verwandeln sie in umfassende Werkzeuge f\u00fcr die \u00dcberwachung der Oberfl\u00e4chensauberkeit in Produktionsst\u00e4tten. Diese in Deutschland entwickelten und gefertigten Oberfl\u00e4chenabtastsonden bieten au\u00dfergew\u00f6hnliche Zuverl\u00e4ssigkeit und Genauigkeit. Speziell f\u00fcr die Kompatibilit\u00e4t mit f\u00fchrenden optischen Partikelz\u00e4hlern wie Lighthouse Solair und TSI Aerotrak entwickelt, erm\u00f6glichen sie pr\u00e4zise Bewertungen kritischer Oberfl\u00e4chen in Reinraumumgebungen. Mit robuster Konstruktion, hoher Pr\u00e4zision und langer Lebensdauer verbinden die Sonden von Sistema-MK deutsche Ingenieurskunst mit nahtloser Integration in bestehende \u00dcberwachungssysteme. Durch die Bereitstellung [&hellip;]<\/p>\n","protected":false},"author":1,"featured_media":0,"parent":0,"menu_order":0,"comment_status":"closed","ping_status":"closed","template":"","meta":{"_et_pb_use_builder":"on","_et_pb_old_content":"","_et_gb_content_width":"","footnotes":""},"class_list":["post-246237","page","type-page","status-publish","hentry"],"yoast_head":"<!-- This site is optimized with the Yoast SEO plugin v27.4 - https:\/\/yoast.com\/product\/yoast-seo-wordpress\/ -->\n<title>Sistema-MK | Reinraum-Messl\u00f6sungen \u2013 SYSTEME ZUR Z\u00c4HLUNG VON OBERFL\u00c4CHENPARTIKELN<\/title>\n<meta name=\"description\" content=\"Die Oberfl\u00e4chenabtastsonden von Sistema-MK bieten entscheidende Vorteile, darunter deutsche Ingenieurskunst mit robustem Design, hoher Pr\u00e4zision und langer Lebensdauer.\" \/>\n<meta name=\"robots\" content=\"index, follow, max-snippet:-1, max-image-preview:large, max-video-preview:-1\" \/>\n<link rel=\"canonical\" href=\"https:\/\/sistema-group.de\/de\/systeme-zur-zaehlung-von-oberflaechenpartikeln\/\" \/>\n<meta property=\"og:locale\" content=\"de_DE\" \/>\n<meta property=\"og:type\" content=\"article\" \/>\n<meta property=\"og:title\" content=\"Sistema-MK | Reinraum-Messl\u00f6sungen \u2013 SYSTEME ZUR Z\u00c4HLUNG VON OBERFL\u00c4CHENPARTIKELN\" \/>\n<meta property=\"og:description\" content=\"Die Oberfl\u00e4chenabtastsonden von Sistema-MK bieten entscheidende Vorteile, darunter deutsche Ingenieurskunst mit robustem Design, hoher Pr\u00e4zision und langer Lebensdauer.\" \/>\n<meta property=\"og:url\" content=\"https:\/\/sistema-group.de\/de\/systeme-zur-zaehlung-von-oberflaechenpartikeln\/\" \/>\n<meta property=\"og:site_name\" content=\"Sistema-MK\" \/>\n<meta property=\"article:modified_time\" content=\"2025-11-12T12:57:21+00:00\" \/>\n<meta name=\"twitter:card\" content=\"summary_large_image\" \/>\n<meta name=\"twitter:label1\" content=\"Gesch\u00e4tzte Lesezeit\" \/>\n\t<meta name=\"twitter:data1\" content=\"8\u00a0Minuten\" \/>\n<script type=\"application\/ld+json\" class=\"yoast-schema-graph\">{\"@context\":\"https:\\\/\\\/schema.org\",\"@graph\":[{\"@type\":\"WebPage\",\"@id\":\"https:\\\/\\\/sistema-group.de\\\/de\\\/systeme-zur-zaehlung-von-oberflaechenpartikeln\\\/\",\"url\":\"https:\\\/\\\/sistema-group.de\\\/de\\\/systeme-zur-zaehlung-von-oberflaechenpartikeln\\\/\",\"name\":\"Sistema-MK | Reinraum-Messl\u00f6sungen \u2013 SYSTEME ZUR Z\u00c4HLUNG VON OBERFL\u00c4CHENPARTIKELN\",\"isPartOf\":{\"@id\":\"https:\\\/\\\/sistema-group.de\\\/de\\\/#website\"},\"datePublished\":\"2025-07-04T15:01:50+00:00\",\"dateModified\":\"2025-11-12T12:57:21+00:00\",\"description\":\"Die Oberfl\u00e4chenabtastsonden von Sistema-MK bieten entscheidende Vorteile, darunter deutsche Ingenieurskunst mit robustem Design, hoher Pr\u00e4zision und langer Lebensdauer.\",\"breadcrumb\":{\"@id\":\"https:\\\/\\\/sistema-group.de\\\/de\\\/systeme-zur-zaehlung-von-oberflaechenpartikeln\\\/#breadcrumb\"},\"inLanguage\":\"de\",\"potentialAction\":[{\"@type\":\"ReadAction\",\"target\":[\"https:\\\/\\\/sistema-group.de\\\/de\\\/systeme-zur-zaehlung-von-oberflaechenpartikeln\\\/\"]}]},{\"@type\":\"BreadcrumbList\",\"@id\":\"https:\\\/\\\/sistema-group.de\\\/de\\\/systeme-zur-zaehlung-von-oberflaechenpartikeln\\\/#breadcrumb\",\"itemListElement\":[{\"@type\":\"ListItem\",\"position\":1,\"name\":\"Startseite\",\"item\":\"https:\\\/\\\/sistema-group.de\\\/de\\\/startseite\\\/\"},{\"@type\":\"ListItem\",\"position\":2,\"name\":\"SYSTEME ZUR Z\u00c4HLUNG VON OBERFL\u00c4CHENPARTIKELN\"}]},{\"@type\":\"WebSite\",\"@id\":\"https:\\\/\\\/sistema-group.de\\\/de\\\/#website\",\"url\":\"https:\\\/\\\/sistema-group.de\\\/de\\\/\",\"name\":\"Sistema-MK\",\"description\":\"Innovative Systems for Cleanroom Airflow Visualization &amp; Particle Measurement\",\"potentialAction\":[{\"@type\":\"SearchAction\",\"target\":{\"@type\":\"EntryPoint\",\"urlTemplate\":\"https:\\\/\\\/sistema-group.de\\\/de\\\/?s={search_term_string}\"},\"query-input\":{\"@type\":\"PropertyValueSpecification\",\"valueRequired\":true,\"valueName\":\"search_term_string\"}}],\"inLanguage\":\"de\"}]}<\/script>\n<!-- \/ Yoast SEO plugin. -->","yoast_head_json":{"title":"Sistema-MK | Reinraum-Messl\u00f6sungen \u2013 SYSTEME ZUR Z\u00c4HLUNG VON OBERFL\u00c4CHENPARTIKELN","description":"Die Oberfl\u00e4chenabtastsonden von Sistema-MK bieten entscheidende Vorteile, darunter deutsche Ingenieurskunst mit robustem Design, hoher Pr\u00e4zision und langer Lebensdauer.","robots":{"index":"index","follow":"follow","max-snippet":"max-snippet:-1","max-image-preview":"max-image-preview:large","max-video-preview":"max-video-preview:-1"},"canonical":"https:\/\/sistema-group.de\/de\/systeme-zur-zaehlung-von-oberflaechenpartikeln\/","og_locale":"de_DE","og_type":"article","og_title":"Sistema-MK | Reinraum-Messl\u00f6sungen \u2013 SYSTEME ZUR Z\u00c4HLUNG VON OBERFL\u00c4CHENPARTIKELN","og_description":"Die Oberfl\u00e4chenabtastsonden von Sistema-MK bieten entscheidende Vorteile, darunter deutsche Ingenieurskunst mit robustem Design, hoher Pr\u00e4zision und langer Lebensdauer.","og_url":"https:\/\/sistema-group.de\/de\/systeme-zur-zaehlung-von-oberflaechenpartikeln\/","og_site_name":"Sistema-MK","article_modified_time":"2025-11-12T12:57:21+00:00","twitter_card":"summary_large_image","twitter_misc":{"Gesch\u00e4tzte Lesezeit":"8\u00a0Minuten"},"schema":{"@context":"https:\/\/schema.org","@graph":[{"@type":"WebPage","@id":"https:\/\/sistema-group.de\/de\/systeme-zur-zaehlung-von-oberflaechenpartikeln\/","url":"https:\/\/sistema-group.de\/de\/systeme-zur-zaehlung-von-oberflaechenpartikeln\/","name":"Sistema-MK | Reinraum-Messl\u00f6sungen \u2013 SYSTEME ZUR Z\u00c4HLUNG VON OBERFL\u00c4CHENPARTIKELN","isPartOf":{"@id":"https:\/\/sistema-group.de\/de\/#website"},"datePublished":"2025-07-04T15:01:50+00:00","dateModified":"2025-11-12T12:57:21+00:00","description":"Die Oberfl\u00e4chenabtastsonden von Sistema-MK bieten entscheidende Vorteile, darunter deutsche Ingenieurskunst mit robustem Design, hoher Pr\u00e4zision und langer Lebensdauer.","breadcrumb":{"@id":"https:\/\/sistema-group.de\/de\/systeme-zur-zaehlung-von-oberflaechenpartikeln\/#breadcrumb"},"inLanguage":"de","potentialAction":[{"@type":"ReadAction","target":["https:\/\/sistema-group.de\/de\/systeme-zur-zaehlung-von-oberflaechenpartikeln\/"]}]},{"@type":"BreadcrumbList","@id":"https:\/\/sistema-group.de\/de\/systeme-zur-zaehlung-von-oberflaechenpartikeln\/#breadcrumb","itemListElement":[{"@type":"ListItem","position":1,"name":"Startseite","item":"https:\/\/sistema-group.de\/de\/startseite\/"},{"@type":"ListItem","position":2,"name":"SYSTEME ZUR Z\u00c4HLUNG VON OBERFL\u00c4CHENPARTIKELN"}]},{"@type":"WebSite","@id":"https:\/\/sistema-group.de\/de\/#website","url":"https:\/\/sistema-group.de\/de\/","name":"Sistema-MK","description":"Innovative Systems for Cleanroom Airflow Visualization &amp; Particle Measurement","potentialAction":[{"@type":"SearchAction","target":{"@type":"EntryPoint","urlTemplate":"https:\/\/sistema-group.de\/de\/?s={search_term_string}"},"query-input":{"@type":"PropertyValueSpecification","valueRequired":true,"valueName":"search_term_string"}}],"inLanguage":"de"}]}},"_links":{"self":[{"href":"https:\/\/sistema-group.de\/de\/wp-json\/wp\/v2\/pages\/246237","targetHints":{"allow":["GET"]}}],"collection":[{"href":"https:\/\/sistema-group.de\/de\/wp-json\/wp\/v2\/pages"}],"about":[{"href":"https:\/\/sistema-group.de\/de\/wp-json\/wp\/v2\/types\/page"}],"author":[{"embeddable":true,"href":"https:\/\/sistema-group.de\/de\/wp-json\/wp\/v2\/users\/1"}],"replies":[{"embeddable":true,"href":"https:\/\/sistema-group.de\/de\/wp-json\/wp\/v2\/comments?post=246237"}],"version-history":[{"count":1,"href":"https:\/\/sistema-group.de\/de\/wp-json\/wp\/v2\/pages\/246237\/revisions"}],"predecessor-version":[{"id":246238,"href":"https:\/\/sistema-group.de\/de\/wp-json\/wp\/v2\/pages\/246237\/revisions\/246238"}],"wp:attachment":[{"href":"https:\/\/sistema-group.de\/de\/wp-json\/wp\/v2\/media?parent=246237"}],"curies":[{"name":"wp","href":"https:\/\/api.w.org\/{rel}","templated":true}]}}